{"id":1202,"date":"2024-04-25T11:54:02","date_gmt":"2024-04-25T17:54:02","guid":{"rendered":"https:\/\/pillitzu.com\/?post_type=product&#038;p=1202"},"modified":"2024-05-24T14:58:58","modified_gmt":"2024-05-24T20:58:58","slug":"lavadora-portatil-pegable","status":"publish","type":"product","link":"https:\/\/pillitzu.com\/?product=lavadora-portatil-pegable","title":{"rendered":"Lavadora Port\u00e1til Pegable"},"content":{"rendered":"<p style=\"text-align: center;\">-M\u00e1quina de lavar port\u00e1til y plegable<\/p>\n<p style=\"text-align: center;\">&#8211; Ideal para viajes, uso en el hogar<\/p>\n<p style=\"text-align: center;\">&#8211; Capacidad de 8L para lavar ropa interior, sujetadores, calcetines<\/p>\n<p style=\"text-align: center;\">&#8211; F\u00e1cil de almacenar y transportar<img fetchpriority=\"high\" decoding=\"async\" class=\"alignnone size-medium wp-image-1203\" src=\"http:\/\/pillitzu.com\/wp-content\/uploads\/PRODUCTOS-PILLITZU-Pagina-Web-8-600x600.jpg\" alt=\"\" width=\"600\" height=\"600\" srcset=\"https:\/\/pillitzu.com\/wp-content\/uploads\/PRODUCTOS-PILLITZU-Pagina-Web-8-600x600.jpg 600w, https:\/\/pillitzu.com\/wp-content\/uploads\/PRODUCTOS-PILLITZU-Pagina-Web-8-720x720.jpg 720w, https:\/\/pillitzu.com\/wp-content\/uploads\/PRODUCTOS-PILLITZU-Pagina-Web-8-300x300.jpg 300w, https:\/\/pillitzu.com\/wp-content\/uploads\/PRODUCTOS-PILLITZU-Pagina-Web-8-768x768.jpg 768w, https:\/\/pillitzu.com\/wp-content\/uploads\/PRODUCTOS-PILLITZU-Pagina-Web-8-100x100.jpg 100w, https:\/\/pillitzu.com\/wp-content\/uploads\/PRODUCTOS-PILLITZU-Pagina-Web-8-64x64.jpg 64w, https:\/\/pillitzu.com\/wp-content\/uploads\/PRODUCTOS-PILLITZU-Pagina-Web-8.jpg 800w\" sizes=\"(max-width: 600px) 100vw, 600px\" \/><\/p>\n","protected":false},"excerpt":{"rendered":"<div class=\"mb3\">\n<div class=\"dangerous-html mb3\">\n<ul>\n<li>Producto de importaci\u00f3n<\/li>\n<li>Ropa de beb\u00e9 Ropa interior Apartamentos Dormitorios<\/li>\n<li>Mini Lavadora Plegable Lavado Port\u00e1til<\/li>\n<li>lavadora de ropa peque\u00f1a lavadora de ropa peque\u00f1a 6.5L<\/li>\n<li>Producto de importaci\u00f3n No hay factura disponible<\/li>\n<\/ul>\n<\/div>\n<\/div>\n<div class=\"mb3\">\n<div class=\"dangerous-html mb3\">\n<div>\n<ul>\n<li>Descripci\u00f3n:<\/li>\n<li>[Material de calidad]: la lavadora plegable est\u00e1 hecha de material de resina de alta calidad y se puede usar durante mucho tiempo.<\/li>\n<li>[F\u00e1cil de operar]: Lavadora port\u00e1til con 1 bot\u00f3n de operaci\u00f3n, mantenga presionada durante dos segundos para o detener, y equipada con un bot\u00f3n de lavado cronometrado de minutos, y un bot\u00f3n de deshidrataci\u00f3n de .<\/li>\n<li>[Caracter\u00edsticas]: mini lavadora plegable con motor potente, limpieza eficiente, limpieza profunda. La lavadora tiene un mango para facilitar para una colocaci\u00f3n m\u00e1s segura.<\/li>\n<li>[Compacta y port\u00e1til]: Mini lavadora plegable port\u00e1til, con un tama\u00f1o de 28 cm x 29 cm cuando est\u00e1 desplegada y 28 cm x 16 cm cuando est\u00e1 plegada, y con una funci\u00f3n de deshidrataci\u00f3n, equipada con una cesta de deshidrataci\u00f3n y un tubo de drenaje.<\/li>\n<li>[Ampliamente aplicable]: actualice a una capacidad mayor que puede acomodar 6,5 litros. Lavadora peque\u00f1a Ideal para lavar ropa ligera que requiere limpieza por separado, como ropa de beb\u00e9, ropa interior, toallas, calcetines u otros art\u00edculos peque\u00f1os. perfecto para dormitorios, apartamentos, veh\u00edculos recreativos, campamentos, viajes y en cualquier lugar.<\/li>\n<li>Especificaci\u00f3n:<\/li>\n<li>Capacidad de lavado: 6.5L<\/li>\n<li>Clasificado: 50\/60 Hz<\/li>\n<li>Voltaje nominal: 110V<\/li>\n<li>Potencia nominal: 12W<\/li>\n<li>Tama\u00f1o ampliado: 28 cm x 29 cm\/11,02 pulgadas x 11,42 pulgadas<\/li>\n<li>Tama\u00f1o plegado: 28 cm x 16 cm\/11,02 pulgadas x 6,30 pulgadas<\/li>\n<li>M\u00e9todos de almacenamiento de tuber\u00edas de salida: colgar por debajo<\/li>\n<li>El paquete incluye:<\/li>\n<li>1 Lavadora Plegable<\/li>\n<li>Nota:<\/li>\n<li>Permita errores leves debido a la medici\u00f3n manual y a los diferentes monitores.<\/li>\n<\/ul>\n<\/div>\n<\/div>\n<\/div>\n","protected":false},"featured_media":1203,"comment_status":"open","ping_status":"closed","template":"","meta":{"om_disable_all_campaigns":false,"_monsterinsights_skip_tracking":false,"_monsterinsights_sitenote_active":false,"_monsterinsights_sitenote_note":"","_monsterinsights_sitenote_category":0,"site-sidebar-layout":"default","site-content-layout":"","ast-site-content-layout":"default","site-content-style":"default","site-sidebar-style":"default","ast-global-header-display":"","ast-banner-title-visibility":"","ast-main-header-display":"","ast-hfb-above-header-display":"","ast-hfb-below-header-display":"","ast-hfb-mobile-header-display":"","site-post-title":"","ast-breadcrumbs-content":"","ast-featured-img":"","footer-sml-layout":"","theme-transparent-header-meta":"default","adv-header-id-meta":"","stick-header-meta":"","header-above-stick-meta":"","header-main-stick-meta":"","header-below-stick-meta":"","astra-migrate-meta-layouts":"set","ast-page-background-enabled":"default","ast-page-background-meta":{"desktop":{"background-color":"var(--ast-global-color-4)","background-image":"","background-repeat":"repeat","background-position":"center center","background-size":"auto","background-attachment":"scroll","background-type":"","background-media":"","overlay-type":"","overlay-color":"","overlay-opacity":"","overlay-gradient":""},"tablet":{"background-color":"","background-image":"","background-repeat":"repeat","background-position":"center center","background-size":"auto","background-attachment":"scroll","background-type":"","background-media":"","overlay-type":"","overlay-color":"","overlay-opacity":"","overlay-gradient":""},"mobile":{"background-color":"","background-image":"","background-repeat":"repeat","background-position":"center center","background-size":"auto","background-attachment":"scroll","background-type":"","background-media":"","overlay-type":"","overlay-color":"","overlay-opacity":"","overlay-gradient":""}},"ast-content-background-meta":{"desktop":{"background-color":"var(--ast-global-color-5)","background-image":"","background-repeat":"repeat","background-position":"center center","background-size":"auto","background-attachment":"scroll","background-type":"","background-media":"","overlay-type":"","overlay-color":"","overlay-opacity":"","overlay-gradient":""},"tablet":{"background-color":"var(--ast-global-color-5)","background-image":"","background-repeat":"repeat","background-position":"center center","background-size":"auto","background-attachment":"scroll","background-type":"","background-media":"","overlay-type":"","overlay-color":"","overlay-opacity":"","overlay-gradient":""},"mobile":{"background-color":"var(--ast-global-color-5)","background-image":"","background-repeat":"repeat","background-position":"center center","background-size":"auto","background-attachment":"scroll","background-type":"","background-media":"","overlay-type":"","overlay-color":"","overlay-opacity":"","overlay-gradient":""}},"_joinchat":[]},"product_brand":[],"product_cat":[42],"product_tag":[],"class_list":{"0":"post-1202","1":"product","2":"type-product","3":"status-publish","4":"has-post-thumbnail","6":"product_cat-herramienta-hogar","7":"desktop-align-left","8":"tablet-align-left","9":"mobile-align-left","11":"first","12":"instock","13":"sale","14":"taxable","15":"shipping-taxable","16":"purchasable","17":"product-type-variable"},"_links":{"self":[{"href":"https:\/\/pillitzu.com\/index.php?rest_route=\/wp\/v2\/product\/1202","targetHints":{"allow":["GET"]}}],"collection":[{"href":"https:\/\/pillitzu.com\/index.php?rest_route=\/wp\/v2\/product"}],"about":[{"href":"https:\/\/pillitzu.com\/index.php?rest_route=\/wp\/v2\/types\/product"}],"replies":[{"embeddable":true,"href":"https:\/\/pillitzu.com\/index.php?rest_route=%2Fwp%2Fv2%2Fcomments&post=1202"}],"wp:featuredmedia":[{"embeddable":true,"href":"https:\/\/pillitzu.com\/index.php?rest_route=\/wp\/v2\/media\/1203"}],"wp:attachment":[{"href":"https:\/\/pillitzu.com\/index.php?rest_route=%2Fwp%2Fv2%2Fmedia&parent=1202"}],"wp:term":[{"taxonomy":"product_brand","embeddable":true,"href":"https:\/\/pillitzu.com\/index.php?rest_route=%2Fwp%2Fv2%2Fproduct_brand&post=1202"},{"taxonomy":"product_cat","embeddable":true,"href":"https:\/\/pillitzu.com\/index.php?rest_route=%2Fwp%2Fv2%2Fproduct_cat&post=1202"},{"taxonomy":"product_tag","embeddable":true,"href":"https:\/\/pillitzu.com\/index.php?rest_route=%2Fwp%2Fv2%2Fproduct_tag&post=1202"}],"curies":[{"name":"wp","href":"https:\/\/api.w.org\/{rel}","templated":true}]}}