{"id":1230,"date":"2024-05-17T16:29:53","date_gmt":"2024-05-17T22:29:53","guid":{"rendered":"https:\/\/pillitzu.com\/?post_type=product&#038;p=1230"},"modified":"2024-05-24T14:57:36","modified_gmt":"2024-05-24T20:57:36","slug":"elevador-para-muebeles","status":"publish","type":"product","link":"https:\/\/pillitzu.com\/?product=elevador-para-muebeles","title":{"rendered":"Elevador para muebeles"},"content":{"rendered":"<p>Gran Durabilidad: Las piezas de este set est\u00e1n fabricadas en policarbonato de alta durabilidad y acero, permitiendo mover cargas de hasta 150KG.<\/p>\n<p>Versi\u00f3n Original: Este es el equipo aut\u00e9ntico que cumple con los est\u00e1ndares de la Uni\u00f3n Europea.<\/p>\n<p>F\u00e1cil de Usar: Dise\u00f1o pr\u00e1ctico, listo para usar directamente al sacarlo de la caja sin ning\u00fan tipo de complicaci\u00f3n.<\/p>\n<p>Ruedas Resistentes: El sistema motriz de los patines est\u00e1 dise\u00f1ado con una estructura robusta, lo que asegura su uso durante muchos a\u00f1os.<\/p>\n<p>Multifuncional: Los patines cuentan con pads giratorios en su parte superior, permitiendo mover la carga en cualquier direcci\u00f3n deseada.<\/p>\n<p>Adaptable: La palanca de elevaci\u00f3n est\u00e1 hecha de acero al carbono con un revestimiento electrost\u00e1tico, permitiendo un uso intenso continuo. Adem\u00e1s, puede complementarse con un tubo m\u00e1s largo, facilitando el levantamiento de grandes cargas con menos esfuerzo.<img fetchpriority=\"high\" decoding=\"async\" class=\"size-medium wp-image-1231 aligncenter\" src=\"http:\/\/pillitzu.com\/wp-content\/uploads\/HIEIHPHHDIEI-600x600.jpg\" alt=\"\" width=\"600\" height=\"600\" srcset=\"https:\/\/pillitzu.com\/wp-content\/uploads\/HIEIHPHHDIEI-600x600.jpg 600w, https:\/\/pillitzu.com\/wp-content\/uploads\/HIEIHPHHDIEI-720x720.jpg 720w, https:\/\/pillitzu.com\/wp-content\/uploads\/HIEIHPHHDIEI-300x300.jpg 300w, https:\/\/pillitzu.com\/wp-content\/uploads\/HIEIHPHHDIEI-768x768.jpg 768w, https:\/\/pillitzu.com\/wp-content\/uploads\/HIEIHPHHDIEI-100x100.jpg 100w, https:\/\/pillitzu.com\/wp-content\/uploads\/HIEIHPHHDIEI-64x64.jpg 64w, https:\/\/pillitzu.com\/wp-content\/uploads\/HIEIHPHHDIEI.jpg 800w\" sizes=\"(max-width: 600px) 100vw, 600px\" \/><\/p>\n","protected":false},"excerpt":{"rendered":"<p>Gran Durabilidad: Las piezas de este set est\u00e1n fabricadas en policarbonato de alta durabilidad y acero, permitiendo mover cargas de hasta 150KG.<\/p>\n<p>Versi\u00f3n Original: Este es el equipo aut\u00e9ntico que cumple con los est\u00e1ndares de la Uni\u00f3n Europea.<\/p>\n<p>F\u00e1cil de Usar: Dise\u00f1o pr\u00e1ctico, listo para usar directamente al sacarlo de la caja sin ning\u00fan tipo de complicaci\u00f3n.<\/p>\n<p>Ruedas Resistentes: El sistema motriz de los patines est\u00e1 dise\u00f1ado con una estructura robusta, lo que asegura su uso durante muchos a\u00f1os.<\/p>\n<p>Multifuncional: Los patines cuentan con pads giratorios en su parte superior, permitiendo mover la carga en cualquier direcci\u00f3n deseada.<\/p>\n<p>Adaptable: La palanca de elevaci\u00f3n est\u00e1 hecha de acero al carbono con un revestimiento electrost\u00e1tico, permitiendo un uso intenso continuo. Adem\u00e1s, puede complementarse con un tubo m\u00e1s largo, facilitando el levantamiento de grandes cargas con menos esfuerzo.<\/p>\n","protected":false},"featured_media":1231,"comment_status":"open","ping_status":"closed","template":"","meta":{"om_disable_all_campaigns":false,"_monsterinsights_skip_tracking":false,"_monsterinsights_sitenote_active":false,"_monsterinsights_sitenote_note":"","_monsterinsights_sitenote_category":0,"site-sidebar-layout":"default","site-content-layout":"","ast-site-content-layout":"default","site-content-style":"default","site-sidebar-style":"default","ast-global-header-display":"","ast-banner-title-visibility":"","ast-main-header-display":"","ast-hfb-above-header-display":"","ast-hfb-below-header-display":"","ast-hfb-mobile-header-display":"","site-post-title":"","ast-breadcrumbs-content":"","ast-featured-img":"","footer-sml-layout":"","theme-transparent-header-meta":"default","adv-header-id-meta":"","stick-header-meta":"","header-above-stick-meta":"","header-main-stick-meta":"","header-below-stick-meta":"","astra-migrate-meta-layouts":"set","ast-page-background-enabled":"default","ast-page-background-meta":{"desktop":{"background-color":"var(--ast-global-color-4)","background-image":"","background-repeat":"repeat","background-position":"center center","background-size":"auto","background-attachment":"scroll","background-type":"","background-media":"","overlay-type":"","overlay-color":"","overlay-opacity":"","overlay-gradient":""},"tablet":{"background-color":"","background-image":"","background-repeat":"repeat","background-position":"center center","background-size":"auto","background-attachment":"scroll","background-type":"","background-media":"","overlay-type":"","overlay-color":"","overlay-opacity":"","overlay-gradient":""},"mobile":{"background-color":"","background-image":"","background-repeat":"repeat","background-position":"center center","background-size":"auto","background-attachment":"scroll","background-type":"","background-media":"","overlay-type":"","overlay-color":"","overlay-opacity":"","overlay-gradient":""}},"ast-content-background-meta":{"desktop":{"background-color":"var(--ast-global-color-5)","background-image":"","background-repeat":"repeat","background-position":"center center","background-size":"auto","background-attachment":"scroll","background-type":"","background-media":"","overlay-type":"","overlay-color":"","overlay-opacity":"","overlay-gradient":""},"tablet":{"background-color":"var(--ast-global-color-5)","background-image":"","background-repeat":"repeat","background-position":"center center","background-size":"auto","background-attachment":"scroll","background-type":"","background-media":"","overlay-type":"","overlay-color":"","overlay-opacity":"","overlay-gradient":""},"mobile":{"background-color":"var(--ast-global-color-5)","background-image":"","background-repeat":"repeat","background-position":"center center","background-size":"auto","background-attachment":"scroll","background-type":"","background-media":"","overlay-type":"","overlay-color":"","overlay-opacity":"","overlay-gradient":""}},"_joinchat":[]},"product_brand":[],"product_cat":[42],"product_tag":[],"class_list":{"0":"post-1230","1":"product","2":"type-product","3":"status-publish","4":"has-post-thumbnail","6":"product_cat-herramienta-hogar","7":"desktop-align-left","8":"tablet-align-left","9":"mobile-align-left","11":"first","12":"instock","13":"sale","14":"taxable","15":"shipping-taxable","16":"purchasable","17":"product-type-simple"},"_links":{"self":[{"href":"https:\/\/pillitzu.com\/index.php?rest_route=\/wp\/v2\/product\/1230","targetHints":{"allow":["GET"]}}],"collection":[{"href":"https:\/\/pillitzu.com\/index.php?rest_route=\/wp\/v2\/product"}],"about":[{"href":"https:\/\/pillitzu.com\/index.php?rest_route=\/wp\/v2\/types\/product"}],"replies":[{"embeddable":true,"href":"https:\/\/pillitzu.com\/index.php?rest_route=%2Fwp%2Fv2%2Fcomments&post=1230"}],"wp:featuredmedia":[{"embeddable":true,"href":"https:\/\/pillitzu.com\/index.php?rest_route=\/wp\/v2\/media\/1231"}],"wp:attachment":[{"href":"https:\/\/pillitzu.com\/index.php?rest_route=%2Fwp%2Fv2%2Fmedia&parent=1230"}],"wp:term":[{"taxonomy":"product_brand","embeddable":true,"href":"https:\/\/pillitzu.com\/index.php?rest_route=%2Fwp%2Fv2%2Fproduct_brand&post=1230"},{"taxonomy":"product_cat","embeddable":true,"href":"https:\/\/pillitzu.com\/index.php?rest_route=%2Fwp%2Fv2%2Fproduct_cat&post=1230"},{"taxonomy":"product_tag","embeddable":true,"href":"https:\/\/pillitzu.com\/index.php?rest_route=%2Fwp%2Fv2%2Fproduct_tag&post=1230"}],"curies":[{"name":"wp","href":"https:\/\/api.w.org\/{rel}","templated":true}]}}