{"id":643,"date":"2024-04-02T16:36:38","date_gmt":"2024-04-02T22:36:38","guid":{"rendered":"https:\/\/pillitzu.com\/?post_type=product&#038;p=643"},"modified":"2024-05-24T17:01:30","modified_gmt":"2024-05-24T23:01:30","slug":"audifonos-sony-wh-xb910n","status":"publish","type":"product","link":"https:\/\/pillitzu.com\/?product=audifonos-sony-wh-xb910n","title":{"rendered":"Aud\u00edfonos Sony WH-XB910N OEM"},"content":{"rendered":"<div class=\"vtex-flex-layout-0-x-flexColChild vtex-flex-layout-0-x-flexColChild--pdp-right-col pb0\">\n<div>\n<div class=\"pasonyb2cqa-product-custom-0-x-containerDescription\">Sum\u00e9rgete de lleno en los graves y vive una experiencia de discoteca con noise cancelling mejorado y la libertad inal\u00e1mbrica. Estos c\u00f3modos aud\u00edfonos Bluetooth\u00ae te permiten disfrutar de tu m\u00fasica durante todo el d\u00eda y mantener el contacto con tus amigos gracias a la conectividad multipunto y a llamadas de claridad cristalina.<\/div>\n<\/div>\n<\/div>\n<div class=\"vtex-flex-layout-0-x-flexColChild vtex-flex-layout-0-x-flexColChild--pdp-right-col pb0\">\n<ul class=\"pasonyb2cqa-shelf-custom-0-x-listFeatures\">\n<li class=\"pasonyb2cqa-shelf-custom-0-x-Feature\">Llamadas con manos libres para mayor comodidad<\/li>\n<li class=\"pasonyb2cqa-shelf-custom-0-x-Feature\">EXTRA BASS\u2122 para un sonido rotundo y profundo y Noise Cancelling<\/li>\n<li class=\"pasonyb2cqa-shelf-custom-0-x-Feature\">Audio inal\u00e1mbrico de alta calidad con tecnolog\u00eda Bluetooth\u00ae<\/li>\n<li class=\"pasonyb2cqa-shelf-custom-0-x-Feature\">Duraci\u00f3n de la bater\u00eda de hasta 30\u00a0horas y carga r\u00e1pida<img fetchpriority=\"high\" decoding=\"async\" class=\"size-medium wp-image-644\" src=\"http:\/\/pillitzu.com\/wp-content\/uploads\/37-600x600.jpg\" alt=\"\" width=\"600\" height=\"600\" srcset=\"https:\/\/pillitzu.com\/wp-content\/uploads\/37-600x600.jpg 600w, https:\/\/pillitzu.com\/wp-content\/uploads\/37-720x720.jpg 720w, https:\/\/pillitzu.com\/wp-content\/uploads\/37-300x300.jpg 300w, https:\/\/pillitzu.com\/wp-content\/uploads\/37-768x768.jpg 768w, https:\/\/pillitzu.com\/wp-content\/uploads\/37-100x100.jpg 100w, https:\/\/pillitzu.com\/wp-content\/uploads\/37.jpg 800w\" sizes=\"(max-width: 600px) 100vw, 600px\" \/><\/li>\n<\/ul>\n<\/div>\n","protected":false},"excerpt":{"rendered":"<p>\u26a1AUDIFONOS SONY CANCELACI\u00d3N DE RUIDO\u26a1<\/p>\n<p>-Noise Cancelling para gozar la experiencia musical.<br \/>\n-Duraci\u00f3n de bater\u00eda de hasta 30 horas y recargable.<br \/>\n-Incluye estuche para viaje.<br \/>\n-Versi\u00f3n de Bluetooth 5.2<\/p>\n<p>&nbsp;<\/p>\n","protected":false},"featured_media":644,"comment_status":"open","ping_status":"closed","template":"","meta":{"om_disable_all_campaigns":false,"_monsterinsights_skip_tracking":false,"_monsterinsights_sitenote_active":false,"_monsterinsights_sitenote_note":"","_monsterinsights_sitenote_category":0,"site-sidebar-layout":"default","site-content-layout":"","ast-site-content-layout":"default","site-content-style":"default","site-sidebar-style":"default","ast-global-header-display":"","ast-banner-title-visibility":"","ast-main-header-display":"","ast-hfb-above-header-display":"","ast-hfb-below-header-display":"","ast-hfb-mobile-header-display":"","site-post-title":"","ast-breadcrumbs-content":"","ast-featured-img":"","footer-sml-layout":"","theme-transparent-header-meta":"default","adv-header-id-meta":"","stick-header-meta":"","header-above-stick-meta":"","header-main-stick-meta":"","header-below-stick-meta":"","astra-migrate-meta-layouts":"set","ast-page-background-enabled":"default","ast-page-background-meta":{"desktop":{"background-color":"var(--ast-global-color-4)","background-image":"","background-repeat":"repeat","background-position":"center center","background-size":"auto","background-attachment":"scroll","background-type":"","background-media":"","overlay-type":"","overlay-color":"","overlay-opacity":"","overlay-gradient":""},"tablet":{"background-color":"","background-image":"","background-repeat":"repeat","background-position":"center center","background-size":"auto","background-attachment":"scroll","background-type":"","background-media":"","overlay-type":"","overlay-color":"","overlay-opacity":"","overlay-gradient":""},"mobile":{"background-color":"","background-image":"","background-repeat":"repeat","background-position":"center center","background-size":"auto","background-attachment":"scroll","background-type":"","background-media":"","overlay-type":"","overlay-color":"","overlay-opacity":"","overlay-gradient":""}},"ast-content-background-meta":{"desktop":{"background-color":"var(--ast-global-color-5)","background-image":"","background-repeat":"repeat","background-position":"center center","background-size":"auto","background-attachment":"scroll","background-type":"","background-media":"","overlay-type":"","overlay-color":"","overlay-opacity":"","overlay-gradient":""},"tablet":{"background-color":"var(--ast-global-color-5)","background-image":"","background-repeat":"repeat","background-position":"center center","background-size":"auto","background-attachment":"scroll","background-type":"","background-media":"","overlay-type":"","overlay-color":"","overlay-opacity":"","overlay-gradient":""},"mobile":{"background-color":"var(--ast-global-color-5)","background-image":"","background-repeat":"repeat","background-position":"center center","background-size":"auto","background-attachment":"scroll","background-type":"","background-media":"","overlay-type":"","overlay-color":"","overlay-opacity":"","overlay-gradient":""}},"_joinchat":[]},"product_brand":[],"product_cat":[40],"product_tag":[45,46],"class_list":{"0":"post-643","1":"product","2":"type-product","3":"status-publish","4":"has-post-thumbnail","6":"product_cat-audio-video","7":"product_tag-audifonos","8":"product_tag-sony","9":"desktop-align-left","10":"tablet-align-left","11":"mobile-align-left","13":"first","14":"instock","15":"sale","16":"taxable","17":"shipping-taxable","18":"purchasable","19":"product-type-variable"},"_links":{"self":[{"href":"https:\/\/pillitzu.com\/index.php?rest_route=\/wp\/v2\/product\/643","targetHints":{"allow":["GET"]}}],"collection":[{"href":"https:\/\/pillitzu.com\/index.php?rest_route=\/wp\/v2\/product"}],"about":[{"href":"https:\/\/pillitzu.com\/index.php?rest_route=\/wp\/v2\/types\/product"}],"replies":[{"embeddable":true,"href":"https:\/\/pillitzu.com\/index.php?rest_route=%2Fwp%2Fv2%2Fcomments&post=643"}],"wp:featuredmedia":[{"embeddable":true,"href":"https:\/\/pillitzu.com\/index.php?rest_route=\/wp\/v2\/media\/644"}],"wp:attachment":[{"href":"https:\/\/pillitzu.com\/index.php?rest_route=%2Fwp%2Fv2%2Fmedia&parent=643"}],"wp:term":[{"taxonomy":"product_brand","embeddable":true,"href":"https:\/\/pillitzu.com\/index.php?rest_route=%2Fwp%2Fv2%2Fproduct_brand&post=643"},{"taxonomy":"product_cat","embeddable":true,"href":"https:\/\/pillitzu.com\/index.php?rest_route=%2Fwp%2Fv2%2Fproduct_cat&post=643"},{"taxonomy":"product_tag","embeddable":true,"href":"https:\/\/pillitzu.com\/index.php?rest_route=%2Fwp%2Fv2%2Fproduct_tag&post=643"}],"curies":[{"name":"wp","href":"https:\/\/api.w.org\/{rel}","templated":true}]}}