{"id":661,"date":"2024-04-02T17:48:23","date_gmt":"2024-04-02T23:48:23","guid":{"rendered":"https:\/\/pillitzu.com\/?post_type=product&#038;p=661"},"modified":"2024-05-24T17:00:41","modified_gmt":"2024-05-24T23:00:41","slug":"audifonos-sony-mdr-xb950bt","status":"publish","type":"product","link":"https:\/\/pillitzu.com\/?product=audifonos-sony-mdr-xb950bt","title":{"rendered":"Aud\u00edfonos Sony MDR-XB950BT"},"content":{"rendered":"<p>\u00a1Los Extra Bass MDR-XB950BT son una opci\u00f3n ideal para los amantes de la m\u00fasica que quieren sentir el ritmo como en una sala de conciertos!<\/p>\n<p>Estos aud\u00edfonos te ofrecen la mejor experiencia de sonido inal\u00e1mbrica, potente y envolvente, con graves intensos y claros, gracias a su tecnolog\u00eda de refuerzo de graves electr\u00f3nico y su control de respuesta de ritmo.<\/p>\n<p>Adem\u00e1s, con su dise\u00f1o c\u00f3modo y elegante, con un control de volumen t\u00e1ctil y un micr\u00f3fono integrado para realizar llamadas con manos libres. Con una bater\u00eda de larga duraci\u00f3n, podr\u00e1s escuchar tu m\u00fasica favorita hasta 20 horas sin cables.<\/p>\n<p>Son compatibles con Bluetooth y, lo que te permite conectarlos f\u00e1cilmente con tu smartphone, tablet o base con solo tocarlos. Si quieres vivir los graves al m\u00e1ximo, no lo dudes m\u00e1s y consigue estos aud\u00edfonos que te har\u00e1n vibrar con cada canci\u00f3n.<\/p>\n<figure id=\"attachment_662\" aria-describedby=\"caption-attachment-662\" style=\"width: 600px\" class=\"wp-caption aligncenter\"><img fetchpriority=\"high\" decoding=\"async\" class=\"size-medium wp-image-662\" src=\"http:\/\/pillitzu.com\/wp-content\/uploads\/5-600x600.jpg\" alt=\"\" width=\"600\" height=\"600\" srcset=\"https:\/\/pillitzu.com\/wp-content\/uploads\/5-600x600.jpg 600w, https:\/\/pillitzu.com\/wp-content\/uploads\/5-720x720.jpg 720w, https:\/\/pillitzu.com\/wp-content\/uploads\/5-300x300.jpg 300w, https:\/\/pillitzu.com\/wp-content\/uploads\/5-768x768.jpg 768w, https:\/\/pillitzu.com\/wp-content\/uploads\/5-100x100.jpg 100w, https:\/\/pillitzu.com\/wp-content\/uploads\/5.jpg 800w\" sizes=\"(max-width: 600px) 100vw, 600px\" \/><figcaption id=\"caption-attachment-662\" class=\"wp-caption-text\">xr:d:DAGBShHwFLQ:19,j:2343421341235896988,t:24040219<\/figcaption><\/figure>\n","protected":false},"excerpt":{"rendered":"<p>\u26a1AUDIFONOS EXTRA BASS\u26a1<\/p>\n<p>-Con micr\u00f3fono para llamadas, manos libres.<\/p>\n<p>-Recargable, rinde de 4 a 6 hrs continuas.<\/p>\n<p>-Compatible iOS y ANDROID<\/p>\n<p>&nbsp;<\/p>\n","protected":false},"featured_media":662,"comment_status":"open","ping_status":"closed","template":"","meta":{"om_disable_all_campaigns":false,"_monsterinsights_skip_tracking":false,"_monsterinsights_sitenote_active":false,"_monsterinsights_sitenote_note":"","_monsterinsights_sitenote_category":0,"site-sidebar-layout":"default","site-content-layout":"","ast-site-content-layout":"default","site-content-style":"default","site-sidebar-style":"default","ast-global-header-display":"","ast-banner-title-visibility":"","ast-main-header-display":"","ast-hfb-above-header-display":"","ast-hfb-below-header-display":"","ast-hfb-mobile-header-display":"","site-post-title":"","ast-breadcrumbs-content":"","ast-featured-img":"","footer-sml-layout":"","theme-transparent-header-meta":"default","adv-header-id-meta":"","stick-header-meta":"","header-above-stick-meta":"","header-main-stick-meta":"","header-below-stick-meta":"","astra-migrate-meta-layouts":"set","ast-page-background-enabled":"default","ast-page-background-meta":{"desktop":{"background-color":"var(--ast-global-color-4)","background-image":"","background-repeat":"repeat","background-position":"center center","background-size":"auto","background-attachment":"scroll","background-type":"","background-media":"","overlay-type":"","overlay-color":"","overlay-opacity":"","overlay-gradient":""},"tablet":{"background-color":"","background-image":"","background-repeat":"repeat","background-position":"center center","background-size":"auto","background-attachment":"scroll","background-type":"","background-media":"","overlay-type":"","overlay-color":"","overlay-opacity":"","overlay-gradient":""},"mobile":{"background-color":"","background-image":"","background-repeat":"repeat","background-position":"center center","background-size":"auto","background-attachment":"scroll","background-type":"","background-media":"","overlay-type":"","overlay-color":"","overlay-opacity":"","overlay-gradient":""}},"ast-content-background-meta":{"desktop":{"background-color":"var(--ast-global-color-5)","background-image":"","background-repeat":"repeat","background-position":"center center","background-size":"auto","background-attachment":"scroll","background-type":"","background-media":"","overlay-type":"","overlay-color":"","overlay-opacity":"","overlay-gradient":""},"tablet":{"background-color":"var(--ast-global-color-5)","background-image":"","background-repeat":"repeat","background-position":"center center","background-size":"auto","background-attachment":"scroll","background-type":"","background-media":"","overlay-type":"","overlay-color":"","overlay-opacity":"","overlay-gradient":""},"mobile":{"background-color":"var(--ast-global-color-5)","background-image":"","background-repeat":"repeat","background-position":"center center","background-size":"auto","background-attachment":"scroll","background-type":"","background-media":"","overlay-type":"","overlay-color":"","overlay-opacity":"","overlay-gradient":""}},"_joinchat":[]},"product_brand":[],"product_cat":[40],"product_tag":[45,46],"class_list":{"0":"post-661","1":"product","2":"type-product","3":"status-publish","4":"has-post-thumbnail","6":"product_cat-audio-video","7":"product_tag-audifonos","8":"product_tag-sony","9":"desktop-align-left","10":"tablet-align-left","11":"mobile-align-left","13":"first","14":"instock","15":"sale","16":"taxable","17":"shipping-taxable","18":"purchasable","19":"product-type-variable"},"_links":{"self":[{"href":"https:\/\/pillitzu.com\/index.php?rest_route=\/wp\/v2\/product\/661","targetHints":{"allow":["GET"]}}],"collection":[{"href":"https:\/\/pillitzu.com\/index.php?rest_route=\/wp\/v2\/product"}],"about":[{"href":"https:\/\/pillitzu.com\/index.php?rest_route=\/wp\/v2\/types\/product"}],"replies":[{"embeddable":true,"href":"https:\/\/pillitzu.com\/index.php?rest_route=%2Fwp%2Fv2%2Fcomments&post=661"}],"wp:featuredmedia":[{"embeddable":true,"href":"https:\/\/pillitzu.com\/index.php?rest_route=\/wp\/v2\/media\/662"}],"wp:attachment":[{"href":"https:\/\/pillitzu.com\/index.php?rest_route=%2Fwp%2Fv2%2Fmedia&parent=661"}],"wp:term":[{"taxonomy":"product_brand","embeddable":true,"href":"https:\/\/pillitzu.com\/index.php?rest_route=%2Fwp%2Fv2%2Fproduct_brand&post=661"},{"taxonomy":"product_cat","embeddable":true,"href":"https:\/\/pillitzu.com\/index.php?rest_route=%2Fwp%2Fv2%2Fproduct_cat&post=661"},{"taxonomy":"product_tag","embeddable":true,"href":"https:\/\/pillitzu.com\/index.php?rest_route=%2Fwp%2Fv2%2Fproduct_tag&post=661"}],"curies":[{"name":"wp","href":"https:\/\/api.w.org\/{rel}","templated":true}]}}