{"id":680,"date":"2024-04-02T18:15:01","date_gmt":"2024-04-03T00:15:01","guid":{"rendered":"https:\/\/pillitzu.com\/?post_type=product&#038;p=680"},"modified":"2024-05-24T16:53:34","modified_gmt":"2024-05-24T22:53:34","slug":"smartwacht-t500-plus","status":"publish","type":"product","link":"https:\/\/pillitzu.com\/?product=smartwacht-t500-plus","title":{"rendered":"Smartwacht T500 PLUS"},"content":{"rendered":"<p style=\"text-align: center;\">Versi\u00f3n global T500 PLUS Reloj inteligente 1.54 IPS Pantalla Fitness Tracker Monitor de Sue\u00f1o\/Ritmo Card\u00edaco Monitor BT Llamada\/M\u00fasica Mensajes Push\/Control Remoto C\u00e1mara Smartwatch para hombres, mujeres, ni\u00f1os, compatible con Android iOS<\/p>\n<p style=\"text-align: center;\">Lista de paquetes:<br \/>\n1 reloj inteligente.<br \/>\n1 manual<\/p>\n<p style=\"text-align: center;\">Especificaciones:<br \/>\nTama\u00f1o (mm): 39,7 x 44,5 x 14 mm.<br \/>\nPeso: 50 g.<br \/>\nFunci\u00f3n principal: llamada BT, reproducci\u00f3n de m\u00fasica, recordatorio de mensajes, pod\u00f3metro, distancia, calor\u00edas, monitorizaci\u00f3n del sue\u00f1o, ritmo card\u00edaco, calendario, levantar para despertar, voz inteligente, registros llamadas de llamadas, SMS, ajustes, alarma, c\u00e1mara remota, dial, agenda telef\u00f3nica, calculadora, reloj, ajustes de tono de llamada<\/p>\n<p style=\"text-align: center;\">Sistema compatible: Android 5.0 y versiones posteriores, iOS 9.0 y<br \/>\nMemoria FLASH: 32 MB + 32 MB<br \/>\nTama\u00f1o de pantalla: 1,54<br \/>\nResoluci\u00f3n: IPS 240 * 240<br \/>\nTipo: toque completo.<br \/>\nBT: BT 3.0\/4.0<br \/>\nSensor G: SC7A20<br \/>\nTipo: bater\u00eda de pol\u00edmero de litio.<br \/>\nCapacidad: 3,7 V\/180 mAh.<br \/>\nM\u00e9todo de carga: cargar clip<br \/>\nde la aplicaci\u00f3n: Ingl\u00e9s, Idioma \u00e1rabe, persa, tailand\u00e9s, vietnamita, franc\u00e9s, checo, ruso, espa\u00f1ol, portugu\u00e9s, griego, turco, polaco<br \/>\nSoporte de env\u00edo de mensajes de interfaz de usuario para ver idioma: ingl\u00e9s, \u00e1rabe, persa, tailand\u00e9s, vietnamita, franc\u00e9s, checo, ruso, espa\u00f1ol, portugu\u00e9s, griego, turco, polaco<br \/>\nCaracter\u00edsticas del software<br \/>\nM2 Usar pod\u00f3metro\/Distancia\/Calor\u00edas\/Monitorizaci\u00f3n del Sue\u00f1o\/Frecuencia Card\u00edaca\/Buscar Dispositivos\/Interruptor de Idioma\/Levantar para despertar<br \/>\nNivel impermeable Vida resistente al agua<br \/>\nTiempo de carga: 1,5 h.<br \/>\nTama\u00f1o de la pulsera: total 226,6 mm, ancho 21 mm.<br \/>\nMaterial de apariencia: aleaci\u00f3n de zinc.<\/p>\n<p><img fetchpriority=\"high\" decoding=\"async\" class=\"size-medium wp-image-681 aligncenter\" src=\"http:\/\/pillitzu.com\/wp-content\/uploads\/35-600x600.jpg\" alt=\"\" width=\"600\" height=\"600\" srcset=\"https:\/\/pillitzu.com\/wp-content\/uploads\/35-600x600.jpg 600w, https:\/\/pillitzu.com\/wp-content\/uploads\/35-720x720.jpg 720w, https:\/\/pillitzu.com\/wp-content\/uploads\/35-300x300.jpg 300w, https:\/\/pillitzu.com\/wp-content\/uploads\/35-768x768.jpg 768w, https:\/\/pillitzu.com\/wp-content\/uploads\/35-100x100.jpg 100w, https:\/\/pillitzu.com\/wp-content\/uploads\/35.jpg 800w\" sizes=\"(max-width: 600px) 100vw, 600px\" \/><\/p>\n","protected":false},"excerpt":{"rendered":"<p>\u26a1SMARTWATCH T500 PLUS\u26a1<\/p>\n<p>-Recibir llamadas entrantes, SMS y notificaciones de redes sociales.<br \/>\n-Conecta el reloj inteligente con tu tel\u00e9fono a trav\u00e9s de Bluetooth<br \/>\n-Funcion de marcapasos, ejercicio, quema de calor\u00edas y monitoreo de sue\u00f1o<br \/>\n-Duraci\u00f3n de 8 horas de bateria y 48 sin uso.<br \/>\n-Compatible iOS y ANDROID<\/p>\n<p>&nbsp;<\/p>\n","protected":false},"featured_media":681,"comment_status":"open","ping_status":"closed","template":"","meta":{"om_disable_all_campaigns":false,"_monsterinsights_skip_tracking":false,"_monsterinsights_sitenote_active":false,"_monsterinsights_sitenote_note":"","_monsterinsights_sitenote_category":0,"site-sidebar-layout":"default","site-content-layout":"","ast-site-content-layout":"default","site-content-style":"default","site-sidebar-style":"default","ast-global-header-display":"","ast-banner-title-visibility":"","ast-main-header-display":"","ast-hfb-above-header-display":"","ast-hfb-below-header-display":"","ast-hfb-mobile-header-display":"","site-post-title":"","ast-breadcrumbs-content":"","ast-featured-img":"","footer-sml-layout":"","theme-transparent-header-meta":"default","adv-header-id-meta":"","stick-header-meta":"","header-above-stick-meta":"","header-main-stick-meta":"","header-below-stick-meta":"","astra-migrate-meta-layouts":"set","ast-page-background-enabled":"default","ast-page-background-meta":{"desktop":{"background-color":"var(--ast-global-color-4)","background-image":"","background-repeat":"repeat","background-position":"center center","background-size":"auto","background-attachment":"scroll","background-type":"","background-media":"","overlay-type":"","overlay-color":"","overlay-opacity":"","overlay-gradient":""},"tablet":{"background-color":"","background-image":"","background-repeat":"repeat","background-position":"center center","background-size":"auto","background-attachment":"scroll","background-type":"","background-media":"","overlay-type":"","overlay-color":"","overlay-opacity":"","overlay-gradient":""},"mobile":{"background-color":"","background-image":"","background-repeat":"repeat","background-position":"center center","background-size":"auto","background-attachment":"scroll","background-type":"","background-media":"","overlay-type":"","overlay-color":"","overlay-opacity":"","overlay-gradient":""}},"ast-content-background-meta":{"desktop":{"background-color":"var(--ast-global-color-5)","background-image":"","background-repeat":"repeat","background-position":"center center","background-size":"auto","background-attachment":"scroll","background-type":"","background-media":"","overlay-type":"","overlay-color":"","overlay-opacity":"","overlay-gradient":""},"tablet":{"background-color":"var(--ast-global-color-5)","background-image":"","background-repeat":"repeat","background-position":"center center","background-size":"auto","background-attachment":"scroll","background-type":"","background-media":"","overlay-type":"","overlay-color":"","overlay-opacity":"","overlay-gradient":""},"mobile":{"background-color":"var(--ast-global-color-5)","background-image":"","background-repeat":"repeat","background-position":"center center","background-size":"auto","background-attachment":"scroll","background-type":"","background-media":"","overlay-type":"","overlay-color":"","overlay-opacity":"","overlay-gradient":""}},"_joinchat":[]},"product_brand":[],"product_cat":[41],"product_tag":[],"class_list":{"0":"post-680","1":"product","2":"type-product","3":"status-publish","4":"has-post-thumbnail","6":"product_cat-gadgets","7":"desktop-align-left","8":"tablet-align-left","9":"mobile-align-left","11":"first","12":"instock","13":"sale","14":"taxable","15":"shipping-taxable","16":"purchasable","17":"product-type-variable"},"_links":{"self":[{"href":"https:\/\/pillitzu.com\/index.php?rest_route=\/wp\/v2\/product\/680","targetHints":{"allow":["GET"]}}],"collection":[{"href":"https:\/\/pillitzu.com\/index.php?rest_route=\/wp\/v2\/product"}],"about":[{"href":"https:\/\/pillitzu.com\/index.php?rest_route=\/wp\/v2\/types\/product"}],"replies":[{"embeddable":true,"href":"https:\/\/pillitzu.com\/index.php?rest_route=%2Fwp%2Fv2%2Fcomments&post=680"}],"wp:featuredmedia":[{"embeddable":true,"href":"https:\/\/pillitzu.com\/index.php?rest_route=\/wp\/v2\/media\/681"}],"wp:attachment":[{"href":"https:\/\/pillitzu.com\/index.php?rest_route=%2Fwp%2Fv2%2Fmedia&parent=680"}],"wp:term":[{"taxonomy":"product_brand","embeddable":true,"href":"https:\/\/pillitzu.com\/index.php?rest_route=%2Fwp%2Fv2%2Fproduct_brand&post=680"},{"taxonomy":"product_cat","embeddable":true,"href":"https:\/\/pillitzu.com\/index.php?rest_route=%2Fwp%2Fv2%2Fproduct_cat&post=680"},{"taxonomy":"product_tag","embeddable":true,"href":"https:\/\/pillitzu.com\/index.php?rest_route=%2Fwp%2Fv2%2Fproduct_tag&post=680"}],"curies":[{"name":"wp","href":"https:\/\/api.w.org\/{rel}","templated":true}]}}