{"id":688,"date":"2024-04-02T18:22:20","date_gmt":"2024-04-03T00:22:20","guid":{"rendered":"https:\/\/pillitzu.com\/?post_type=product&#038;p=688"},"modified":"2024-05-14T16:26:28","modified_gmt":"2024-05-14T22:26:28","slug":"mouse-inalambrico-ergonomico","status":"publish","type":"product","link":"https:\/\/pillitzu.com\/?product=mouse-inalambrico-ergonomico","title":{"rendered":"Mouse Inal\u00e1mbrico Ergon\u00f3mico ELEGATE"},"content":{"rendered":"<p style=\"text-align: center;\">\u2013 Mouse ergon\u00f3mico. Este producto est\u00e1 fabricado con un dise\u00f1o ergon\u00f3mico que se adapta perfectamente a tus necesidades fisiol\u00f3gicas. Su forma vertical est\u00e1 pensada para ajustarse de manera natural al antebrazo, logrando una alineaci\u00f3n adecuada para las articulaciones y tensiones de la mano. A diferencia de un rat\u00f3n de computadora tradicional, este mouse ergon\u00f3mico cuenta con un \u00e1ngulo de inclinaci\u00f3n conveniente que fomenta una postura adecuada al momento de trabajar. Al acostumbrarse a su comodidad, su uso prolongado garantiza una mejor postura de las manos y los antebrazos, consiguiendo beneficios fisiol\u00f3gicos ideales y evitando enfermedades musculares como la tendinitis.<\/p>\n<p style=\"text-align: center;\">\u2013 6 botones integrados para una mejor navegaci\u00f3n. Cuenta con la rueda tridimensional, los botones izquierdo y derecho, un bot\u00f3n DPI, y un bot\u00f3n de avance y otro m\u00e1s de retroceso. Estos \u00faltimos hacen que la navegaci\u00f3n por internet sea mucho m\u00e1s sencilla y c\u00f3moda, al ir hacia delante o hacia atr\u00e1s cuando sea conveniente. Se ubican en el espacio c\u00f3ncavo donde va el pulgar, por lo que al estar a su alcance contribuye a optimizar el rendimiento de trabajo. Gracias a su estructura ergon\u00f3mica, el resultado es el menor movimiento posible de la mano.<\/p>\n<p style=\"text-align: center;\">\u2013 Conexi\u00f3n inal\u00e1mbrica eficaz. El mouse ergon\u00f3mico no necesita cables para funcionar. Su tecnolog\u00eda inal\u00e1mbrica garantiza una mayor agilidad al moverlo y una inmensa comodidad al utilizarlo en el d\u00eda a d\u00eda.<\/p>\n<p style=\"text-align: center;\">\u2013 Funci\u00f3n de ahorro de bater\u00eda (funciona con un par de pilas \u201cAAA\u201d).<\/p>\n<p style=\"text-align: center;\">\u2013 Dise\u00f1o innovador. Adem\u00e1s de que se trata de una forma ergon\u00f3mica, el dise\u00f1o del mouse es innovador y vanguardista. Su inclinaci\u00f3n vertical ofrece una apariencia de lo m\u00e1s est\u00e9tica al escritorio, y su color negro es sobrio y elegante.<\/p>\n<p style=\"text-align: center;\"><img fetchpriority=\"high\" decoding=\"async\" class=\"size-medium wp-image-689\" src=\"http:\/\/pillitzu.com\/wp-content\/uploads\/8-600x600.jpg\" alt=\"\" width=\"600\" height=\"600\" srcset=\"https:\/\/pillitzu.com\/wp-content\/uploads\/8-600x600.jpg 600w, https:\/\/pillitzu.com\/wp-content\/uploads\/8-720x720.jpg 720w, https:\/\/pillitzu.com\/wp-content\/uploads\/8-300x300.jpg 300w, https:\/\/pillitzu.com\/wp-content\/uploads\/8-768x768.jpg 768w, https:\/\/pillitzu.com\/wp-content\/uploads\/8-100x100.jpg 100w, https:\/\/pillitzu.com\/wp-content\/uploads\/8.jpg 800w\" sizes=\"(max-width: 600px) 100vw, 600px\" \/><\/p>\n","protected":false},"excerpt":{"rendered":"<p>\ud83d\uddb1\ufe0f MOUSE VERTICAL INALAMBRICO ERGONOMICO\ud83d\uddb1\ufe0f<\/p>\n<p>-Reduce la presi\u00f3n sobre las articulaciones de la mu\u00f1eca y el riesgo de calambres.<br \/>\n-Transmisi\u00f3n inal\u00e1mbrica y agarre vertical con conexi\u00f3n bluetooth.<br \/>\n-Receptor USB con una distancia de transmisi\u00f3n de 10 metros.<\/p>\n<p>&nbsp;<\/p>\n","protected":false},"featured_media":689,"comment_status":"open","ping_status":"closed","template":"","meta":{"om_disable_all_campaigns":false,"_monsterinsights_skip_tracking":false,"_monsterinsights_sitenote_active":false,"_monsterinsights_sitenote_note":"","_monsterinsights_sitenote_category":0,"site-sidebar-layout":"default","site-content-layout":"","ast-site-content-layout":"default","site-content-style":"default","site-sidebar-style":"default","ast-global-header-display":"","ast-banner-title-visibility":"","ast-main-header-display":"","ast-hfb-above-header-display":"","ast-hfb-below-header-display":"","ast-hfb-mobile-header-display":"","site-post-title":"","ast-breadcrumbs-content":"","ast-featured-img":"","footer-sml-layout":"","theme-transparent-header-meta":"default","adv-header-id-meta":"","stick-header-meta":"","header-above-stick-meta":"","header-main-stick-meta":"","header-below-stick-meta":"","astra-migrate-meta-layouts":"set","ast-page-background-enabled":"default","ast-page-background-meta":{"desktop":{"background-color":"var(--ast-global-color-4)","background-image":"","background-repeat":"repeat","background-position":"center center","background-size":"auto","background-attachment":"scroll","background-type":"","background-media":"","overlay-type":"","overlay-color":"","overlay-opacity":"","overlay-gradient":""},"tablet":{"background-color":"","background-image":"","background-repeat":"repeat","background-position":"center center","background-size":"auto","background-attachment":"scroll","background-type":"","background-media":"","overlay-type":"","overlay-color":"","overlay-opacity":"","overlay-gradient":""},"mobile":{"background-color":"","background-image":"","background-repeat":"repeat","background-position":"center center","background-size":"auto","background-attachment":"scroll","background-type":"","background-media":"","overlay-type":"","overlay-color":"","overlay-opacity":"","overlay-gradient":""}},"ast-content-background-meta":{"desktop":{"background-color":"var(--ast-global-color-5)","background-image":"","background-repeat":"repeat","background-position":"center center","background-size":"auto","background-attachment":"scroll","background-type":"","background-media":"","overlay-type":"","overlay-color":"","overlay-opacity":"","overlay-gradient":""},"tablet":{"background-color":"var(--ast-global-color-5)","background-image":"","background-repeat":"repeat","background-position":"center center","background-size":"auto","background-attachment":"scroll","background-type":"","background-media":"","overlay-type":"","overlay-color":"","overlay-opacity":"","overlay-gradient":""},"mobile":{"background-color":"var(--ast-global-color-5)","background-image":"","background-repeat":"repeat","background-position":"center center","background-size":"auto","background-attachment":"scroll","background-type":"","background-media":"","overlay-type":"","overlay-color":"","overlay-opacity":"","overlay-gradient":""}},"_joinchat":[]},"product_brand":[],"product_cat":[41],"product_tag":[],"class_list":{"0":"post-688","1":"product","2":"type-product","3":"status-publish","4":"has-post-thumbnail","6":"product_cat-gadgets","7":"desktop-align-left","8":"tablet-align-left","9":"mobile-align-left","11":"first","12":"instock","13":"sale","14":"taxable","15":"shipping-taxable","16":"purchasable","17":"product-type-simple"},"_links":{"self":[{"href":"https:\/\/pillitzu.com\/index.php?rest_route=\/wp\/v2\/product\/688","targetHints":{"allow":["GET"]}}],"collection":[{"href":"https:\/\/pillitzu.com\/index.php?rest_route=\/wp\/v2\/product"}],"about":[{"href":"https:\/\/pillitzu.com\/index.php?rest_route=\/wp\/v2\/types\/product"}],"replies":[{"embeddable":true,"href":"https:\/\/pillitzu.com\/index.php?rest_route=%2Fwp%2Fv2%2Fcomments&post=688"}],"wp:featuredmedia":[{"embeddable":true,"href":"https:\/\/pillitzu.com\/index.php?rest_route=\/wp\/v2\/media\/689"}],"wp:attachment":[{"href":"https:\/\/pillitzu.com\/index.php?rest_route=%2Fwp%2Fv2%2Fmedia&parent=688"}],"wp:term":[{"taxonomy":"product_brand","embeddable":true,"href":"https:\/\/pillitzu.com\/index.php?rest_route=%2Fwp%2Fv2%2Fproduct_brand&post=688"},{"taxonomy":"product_cat","embeddable":true,"href":"https:\/\/pillitzu.com\/index.php?rest_route=%2Fwp%2Fv2%2Fproduct_cat&post=688"},{"taxonomy":"product_tag","embeddable":true,"href":"https:\/\/pillitzu.com\/index.php?rest_route=%2Fwp%2Fv2%2Fproduct_tag&post=688"}],"curies":[{"name":"wp","href":"https:\/\/api.w.org\/{rel}","templated":true}]}}