{"id":700,"date":"2024-04-02T18:38:44","date_gmt":"2024-04-03T00:38:44","guid":{"rendered":"https:\/\/pillitzu.com\/?post_type=product&#038;p=700"},"modified":"2024-05-24T16:46:55","modified_gmt":"2024-05-24T22:46:55","slug":"llave-universal-giratoria","status":"publish","type":"product","link":"https:\/\/pillitzu.com\/?product=llave-universal-giratoria","title":{"rendered":"Llave Multifuncional Giratoria"},"content":{"rendered":"<p style=\"text-align: center;\">Caracter\u00edsticas<br \/>\n1. multifuncional: llave multiprop\u00f3sito de doble cabeza 48 en 1 es adecuada para tuercas y pernos de casi cualquier tama\u00f1o y forma.<br \/>\n2. cabeza giratoria: los dos extremos de la llave pueden girar 360 grados, lo que facilita el trabajo en un espacio estrecho.<br \/>\n3. acero 45: forjado con acero fuerte de alta tenacidad, excelente resistencia, cromado en la superficie, \u00f3xido.<br \/>\n4. mango de goma: el mango est\u00e1 envuelto en goma, con textura \u00fanica, antideslizante y agarre c\u00f3modo.<br \/>\n5. f\u00e1cil de llevar: la llave reemplaza un conjunto completo de llaves inglesas, que son peque\u00f1as y ligeras, flexibles y laboriosas, y mejoran la eficiencia del trabajo.<\/p>\n<p style=\"text-align: center;\">Especificaciones<br \/>\nTipo de proyecto: llave de manguito 48 en 1<br \/>\nMaterial: 45 acero<br \/>\nSistema: m\u00e9trica<br \/>\nLlave: llave de doble cabeza<br \/>\nTratamiento de la superficie: cromado<br \/>\nPeso: unos 450 gramos \/ 15,9 onzas<\/p>\n<p style=\"text-align: center;\">Lista de paquetes<br \/>\nLlave de 1 x 48 en 1 manga<\/p>\n<p><img fetchpriority=\"high\" decoding=\"async\" class=\"size-medium wp-image-701 aligncenter\" src=\"http:\/\/pillitzu.com\/wp-content\/uploads\/11-600x600.jpg\" alt=\"\" width=\"600\" height=\"600\" srcset=\"https:\/\/pillitzu.com\/wp-content\/uploads\/11-600x600.jpg 600w, https:\/\/pillitzu.com\/wp-content\/uploads\/11-720x720.jpg 720w, https:\/\/pillitzu.com\/wp-content\/uploads\/11-300x300.jpg 300w, https:\/\/pillitzu.com\/wp-content\/uploads\/11-768x768.jpg 768w, https:\/\/pillitzu.com\/wp-content\/uploads\/11-100x100.jpg 100w, https:\/\/pillitzu.com\/wp-content\/uploads\/11.jpg 800w\" sizes=\"(max-width: 600px) 100vw, 600px\" \/><\/p>\n","protected":false},"excerpt":{"rendered":"<p>\ud83e\udd29LLAVE MULTIFUNCIONAL PARA CARRO, HOGAR Y TRABAJOS EN GENERAL\ud83e\udd29<\/p>\n<p>-Funci\u00f3n con amplia gama de medidas y sistema de tornillos.<br \/>\n-Rotaci\u00f3n de 360\u00b0 para trabajar como usted lo desee.<br \/>\n-Mango antideslizante para m\u00e1s facilidad de uso y ayuda a aumentar la eficiencia del trabajo.<\/p>\n<p>&nbsp;<\/p>\n","protected":false},"featured_media":701,"comment_status":"open","ping_status":"closed","template":"","meta":{"om_disable_all_campaigns":false,"_monsterinsights_skip_tracking":false,"_monsterinsights_sitenote_active":false,"_monsterinsights_sitenote_note":"","_monsterinsights_sitenote_category":0,"site-sidebar-layout":"default","site-content-layout":"","ast-site-content-layout":"default","site-content-style":"default","site-sidebar-style":"default","ast-global-header-display":"","ast-banner-title-visibility":"","ast-main-header-display":"","ast-hfb-above-header-display":"","ast-hfb-below-header-display":"","ast-hfb-mobile-header-display":"","site-post-title":"","ast-breadcrumbs-content":"","ast-featured-img":"","footer-sml-layout":"","theme-transparent-header-meta":"default","adv-header-id-meta":"","stick-header-meta":"","header-above-stick-meta":"","header-main-stick-meta":"","header-below-stick-meta":"","astra-migrate-meta-layouts":"set","ast-page-background-enabled":"default","ast-page-background-meta":{"desktop":{"background-color":"var(--ast-global-color-4)","background-image":"","background-repeat":"repeat","background-position":"center center","background-size":"auto","background-attachment":"scroll","background-type":"","background-media":"","overlay-type":"","overlay-color":"","overlay-opacity":"","overlay-gradient":""},"tablet":{"background-color":"","background-image":"","background-repeat":"repeat","background-position":"center center","background-size":"auto","background-attachment":"scroll","background-type":"","background-media":"","overlay-type":"","overlay-color":"","overlay-opacity":"","overlay-gradient":""},"mobile":{"background-color":"","background-image":"","background-repeat":"repeat","background-position":"center center","background-size":"auto","background-attachment":"scroll","background-type":"","background-media":"","overlay-type":"","overlay-color":"","overlay-opacity":"","overlay-gradient":""}},"ast-content-background-meta":{"desktop":{"background-color":"var(--ast-global-color-5)","background-image":"","background-repeat":"repeat","background-position":"center center","background-size":"auto","background-attachment":"scroll","background-type":"","background-media":"","overlay-type":"","overlay-color":"","overlay-opacity":"","overlay-gradient":""},"tablet":{"background-color":"var(--ast-global-color-5)","background-image":"","background-repeat":"repeat","background-position":"center center","background-size":"auto","background-attachment":"scroll","background-type":"","background-media":"","overlay-type":"","overlay-color":"","overlay-opacity":"","overlay-gradient":""},"mobile":{"background-color":"var(--ast-global-color-5)","background-image":"","background-repeat":"repeat","background-position":"center center","background-size":"auto","background-attachment":"scroll","background-type":"","background-media":"","overlay-type":"","overlay-color":"","overlay-opacity":"","overlay-gradient":""}},"_joinchat":[]},"product_brand":[],"product_cat":[42],"product_tag":[],"class_list":{"0":"post-700","1":"product","2":"type-product","3":"status-publish","4":"has-post-thumbnail","6":"product_cat-herramienta-hogar","7":"desktop-align-left","8":"tablet-align-left","9":"mobile-align-left","11":"first","12":"instock","13":"sale","14":"taxable","15":"shipping-taxable","16":"purchasable","17":"product-type-simple"},"_links":{"self":[{"href":"https:\/\/pillitzu.com\/index.php?rest_route=\/wp\/v2\/product\/700","targetHints":{"allow":["GET"]}}],"collection":[{"href":"https:\/\/pillitzu.com\/index.php?rest_route=\/wp\/v2\/product"}],"about":[{"href":"https:\/\/pillitzu.com\/index.php?rest_route=\/wp\/v2\/types\/product"}],"replies":[{"embeddable":true,"href":"https:\/\/pillitzu.com\/index.php?rest_route=%2Fwp%2Fv2%2Fcomments&post=700"}],"wp:featuredmedia":[{"embeddable":true,"href":"https:\/\/pillitzu.com\/index.php?rest_route=\/wp\/v2\/media\/701"}],"wp:attachment":[{"href":"https:\/\/pillitzu.com\/index.php?rest_route=%2Fwp%2Fv2%2Fmedia&parent=700"}],"wp:term":[{"taxonomy":"product_brand","embeddable":true,"href":"https:\/\/pillitzu.com\/index.php?rest_route=%2Fwp%2Fv2%2Fproduct_brand&post=700"},{"taxonomy":"product_cat","embeddable":true,"href":"https:\/\/pillitzu.com\/index.php?rest_route=%2Fwp%2Fv2%2Fproduct_cat&post=700"},{"taxonomy":"product_tag","embeddable":true,"href":"https:\/\/pillitzu.com\/index.php?rest_route=%2Fwp%2Fv2%2Fproduct_tag&post=700"}],"curies":[{"name":"wp","href":"https:\/\/api.w.org\/{rel}","templated":true}]}}