{"id":704,"date":"2024-04-02T18:47:52","date_gmt":"2024-04-03T00:47:52","guid":{"rendered":"https:\/\/pillitzu.com\/?post_type=product&#038;p=704"},"modified":"2024-05-24T16:45:23","modified_gmt":"2024-05-24T22:45:23","slug":"zapatera-ideal-4-niveles","status":"publish","type":"product","link":"https:\/\/pillitzu.com\/?product=zapatera-ideal-4-niveles","title":{"rendered":"Zapatera Ideal 4 Niveles Facil Ensamblaje"},"content":{"rendered":"<p style=\"text-align: center;\">Buscas una forma pr\u00e1ctica y elegante de organizar tus zapatos? Te presentamos la zapatera de 4 niveles, una soluci\u00f3n ideal para aprovechar el espacio y mantener el orden.<\/p>\n<p style=\"text-align: center;\">Esta zapatera tiene capacidad para 8 pares de zapatos, y puedes colocarla en cualquier rinc\u00f3n de tu casa, gracias a su dise\u00f1o de pasamanos que se adapta a la pared.<\/p>\n<p style=\"text-align: center;\">Su instalaci\u00f3n es muy sencilla, sin necesidad de hacer agujeros ni usar herramientas. Solo tienes que encajar las piezas y listo. Adem\u00e1s, su estructura es muy resistente, ya que est\u00e1 hecha de tuber\u00eda de acero engrosada, que le da una fuerte capacidad de carga. Y lo mejor de todo, su dise\u00f1o escalonado oblicuo te permite ver todos tus zapatos de un vistazo, y elegir el que m\u00e1s te guste.<\/p>\n<p style=\"text-align: center;\">\u00a1No lo dudes m\u00e1s, y hazte con esta zapatera de 4 niveles, el complemento perfecto para tu hogar!<\/p>\n<figure id=\"attachment_706\" aria-describedby=\"caption-attachment-706\" style=\"width: 600px\" class=\"wp-caption aligncenter\"><img fetchpriority=\"high\" decoding=\"async\" class=\"size-medium wp-image-706 aligncenter\" src=\"http:\/\/pillitzu.com\/wp-content\/uploads\/29-600x600.jpg\" alt=\"\" width=\"600\" height=\"600\" srcset=\"https:\/\/pillitzu.com\/wp-content\/uploads\/29-600x600.jpg 600w, https:\/\/pillitzu.com\/wp-content\/uploads\/29-720x720.jpg 720w, https:\/\/pillitzu.com\/wp-content\/uploads\/29-300x300.jpg 300w, https:\/\/pillitzu.com\/wp-content\/uploads\/29-768x768.jpg 768w, https:\/\/pillitzu.com\/wp-content\/uploads\/29-100x100.jpg 100w, https:\/\/pillitzu.com\/wp-content\/uploads\/29.jpg 800w\" sizes=\"(max-width: 600px) 100vw, 600px\" \/><figcaption id=\"caption-attachment-706\" class=\"wp-caption-text\"><\/p>\n<p><\/figcaption><\/figure>\n","protected":false},"excerpt":{"rendered":"<p>-Su instalaci\u00f3n no requiere agujeros.<br \/>\n-Apto para una fuerte capacidad de carga y de espacios variados.<br \/>\n-Dise\u00f1o de pie alto. Tubo de acero espesado.<br \/>\n-Capacidad de hasta 8 pares.<\/p>\n","protected":false},"featured_media":706,"comment_status":"open","ping_status":"closed","template":"","meta":{"om_disable_all_campaigns":false,"_monsterinsights_skip_tracking":false,"_monsterinsights_sitenote_active":false,"_monsterinsights_sitenote_note":"","_monsterinsights_sitenote_category":0,"site-sidebar-layout":"default","site-content-layout":"","ast-site-content-layout":"default","site-content-style":"default","site-sidebar-style":"default","ast-global-header-display":"","ast-banner-title-visibility":"","ast-main-header-display":"","ast-hfb-above-header-display":"","ast-hfb-below-header-display":"","ast-hfb-mobile-header-display":"","site-post-title":"","ast-breadcrumbs-content":"","ast-featured-img":"","footer-sml-layout":"","theme-transparent-header-meta":"default","adv-header-id-meta":"","stick-header-meta":"","header-above-stick-meta":"","header-main-stick-meta":"","header-below-stick-meta":"","astra-migrate-meta-layouts":"set","ast-page-background-enabled":"default","ast-page-background-meta":{"desktop":{"background-color":"var(--ast-global-color-4)","background-image":"","background-repeat":"repeat","background-position":"center center","background-size":"auto","background-attachment":"scroll","background-type":"","background-media":"","overlay-type":"","overlay-color":"","overlay-opacity":"","overlay-gradient":""},"tablet":{"background-color":"","background-image":"","background-repeat":"repeat","background-position":"center center","background-size":"auto","background-attachment":"scroll","background-type":"","background-media":"","overlay-type":"","overlay-color":"","overlay-opacity":"","overlay-gradient":""},"mobile":{"background-color":"","background-image":"","background-repeat":"repeat","background-position":"center center","background-size":"auto","background-attachment":"scroll","background-type":"","background-media":"","overlay-type":"","overlay-color":"","overlay-opacity":"","overlay-gradient":""}},"ast-content-background-meta":{"desktop":{"background-color":"var(--ast-global-color-5)","background-image":"","background-repeat":"repeat","background-position":"center center","background-size":"auto","background-attachment":"scroll","background-type":"","background-media":"","overlay-type":"","overlay-color":"","overlay-opacity":"","overlay-gradient":""},"tablet":{"background-color":"var(--ast-global-color-5)","background-image":"","background-repeat":"repeat","background-position":"center center","background-size":"auto","background-attachment":"scroll","background-type":"","background-media":"","overlay-type":"","overlay-color":"","overlay-opacity":"","overlay-gradient":""},"mobile":{"background-color":"var(--ast-global-color-5)","background-image":"","background-repeat":"repeat","background-position":"center center","background-size":"auto","background-attachment":"scroll","background-type":"","background-media":"","overlay-type":"","overlay-color":"","overlay-opacity":"","overlay-gradient":""}},"_joinchat":[]},"product_brand":[],"product_cat":[42],"product_tag":[],"class_list":{"0":"post-704","1":"product","2":"type-product","3":"status-publish","4":"has-post-thumbnail","6":"product_cat-herramienta-hogar","7":"desktop-align-left","8":"tablet-align-left","9":"mobile-align-left","11":"first","12":"instock","13":"sale","14":"taxable","15":"shipping-taxable","16":"purchasable","17":"product-type-simple"},"_links":{"self":[{"href":"https:\/\/pillitzu.com\/index.php?rest_route=\/wp\/v2\/product\/704","targetHints":{"allow":["GET"]}}],"collection":[{"href":"https:\/\/pillitzu.com\/index.php?rest_route=\/wp\/v2\/product"}],"about":[{"href":"https:\/\/pillitzu.com\/index.php?rest_route=\/wp\/v2\/types\/product"}],"replies":[{"embeddable":true,"href":"https:\/\/pillitzu.com\/index.php?rest_route=%2Fwp%2Fv2%2Fcomments&post=704"}],"wp:featuredmedia":[{"embeddable":true,"href":"https:\/\/pillitzu.com\/index.php?rest_route=\/wp\/v2\/media\/706"}],"wp:attachment":[{"href":"https:\/\/pillitzu.com\/index.php?rest_route=%2Fwp%2Fv2%2Fmedia&parent=704"}],"wp:term":[{"taxonomy":"product_brand","embeddable":true,"href":"https:\/\/pillitzu.com\/index.php?rest_route=%2Fwp%2Fv2%2Fproduct_brand&post=704"},{"taxonomy":"product_cat","embeddable":true,"href":"https:\/\/pillitzu.com\/index.php?rest_route=%2Fwp%2Fv2%2Fproduct_cat&post=704"},{"taxonomy":"product_tag","embeddable":true,"href":"https:\/\/pillitzu.com\/index.php?rest_route=%2Fwp%2Fv2%2Fproduct_tag&post=704"}],"curies":[{"name":"wp","href":"https:\/\/api.w.org\/{rel}","templated":true}]}}