{"id":708,"date":"2024-04-02T18:51:37","date_gmt":"2024-04-03T00:51:37","guid":{"rendered":"https:\/\/pillitzu.com\/?post_type=product&#038;p=708"},"modified":"2024-05-24T16:41:35","modified_gmt":"2024-05-24T22:41:35","slug":"estante-sobre-la-lavadora-de-3-niveles","status":"publish","type":"product","link":"https:\/\/pillitzu.com\/?product=estante-sobre-la-lavadora-de-3-niveles","title":{"rendered":"Organizador Multinivel Para Lavadora"},"content":{"rendered":"<p style=\"text-align: center;\">Estante Sobre la Lavadora de 3 Niveles: Puede colocar utensilios de limpieza, art\u00edculos de lavander\u00eda, cestas de ropa, art\u00edculos varios en cada estante, cada estante tiene un divisor. Gratis 4 perchas plegables, 4 ganchos para guardar cepillos, toallas, etc.<\/p>\n<p style=\"text-align: center;\">Estanter\u00edas para el Cuarto de Ba\u00f1o: Esta estanter\u00eda utiliza el espacio de almacenamiento desaprovechado encima de la lavadora, la secadora, el cesto de la ropa sucia o el inodoro. Aproveche todo el espacio de la habitaci\u00f3n y consiga m\u00e1s posibilidades de organizaci\u00f3n. Es un mueble perfecto para decorar su cuarto de ba\u00f1o y lavadero.<\/p>\n<p style=\"text-align: center;\">Organizador de Carga y Multifuncional: Dise\u00f1o de 3 capas, el organizador de almacenamiento independiente con estante sobre la lavadora de 3 niveles puede soportar alrededor de 78 libras. Usted tiene un mont\u00f3n de espacio para organizar los elementos necesarios, como toallas, art\u00edculos de lavander\u00eda, art\u00edculos de tocador de ba\u00f1o y otras pocas cosas.<\/p>\n<p style=\"text-align: center;\">Duradero y F\u00e1cil de Montar: Hecho de acero, construcci\u00f3n robusta y fiable. Tiene una gran durabilidad y resistencia, este estante de almacenamiento es resistente y duradero. Adecuado para usar en el ba\u00f1o, lavadero, cocina, balc\u00f3n, garaje, lavadero, etc.}<\/p>\n<p><img fetchpriority=\"high\" decoding=\"async\" class=\"size-medium wp-image-709 aligncenter\" src=\"http:\/\/pillitzu.com\/wp-content\/uploads\/30-1-600x600.jpg\" alt=\"\" width=\"600\" height=\"600\" srcset=\"https:\/\/pillitzu.com\/wp-content\/uploads\/30-1-600x600.jpg 600w, https:\/\/pillitzu.com\/wp-content\/uploads\/30-1-720x720.jpg 720w, https:\/\/pillitzu.com\/wp-content\/uploads\/30-1-300x300.jpg 300w, https:\/\/pillitzu.com\/wp-content\/uploads\/30-1-768x768.jpg 768w, https:\/\/pillitzu.com\/wp-content\/uploads\/30-1-100x100.jpg 100w, https:\/\/pillitzu.com\/wp-content\/uploads\/30-1.jpg 800w\" sizes=\"(max-width: 600px) 100vw, 600px\" \/><\/p>\n","protected":false},"excerpt":{"rendered":"<p>\ud83d\udc8e ESTANTE DE 3 NIVELES \ud83d\udc8e<\/p>\n<p>\ud83d\udcaeEstante de 3 Niveles de metal inoxidable.<br \/>\n\ud83d\udcaeDuradero y F\u00e1cil de Montar: Hecho de acero, construcci\u00f3n robusta y fiable.<br \/>\n\ud83d\udcaeCapacidad de soporte de hasta 35 kilos.<br \/>\n\ud83d\udcaeAdecuado para usar en el ba\u00f1o, lavadero, cocina, balc\u00f3n, garaje, lavadero, etc.<\/p>\n<p>&nbsp;<\/p>\n","protected":false},"featured_media":709,"comment_status":"open","ping_status":"closed","template":"","meta":{"om_disable_all_campaigns":false,"_monsterinsights_skip_tracking":false,"_monsterinsights_sitenote_active":false,"_monsterinsights_sitenote_note":"","_monsterinsights_sitenote_category":0,"site-sidebar-layout":"default","site-content-layout":"","ast-site-content-layout":"default","site-content-style":"default","site-sidebar-style":"default","ast-global-header-display":"","ast-banner-title-visibility":"","ast-main-header-display":"","ast-hfb-above-header-display":"","ast-hfb-below-header-display":"","ast-hfb-mobile-header-display":"","site-post-title":"","ast-breadcrumbs-content":"","ast-featured-img":"","footer-sml-layout":"","theme-transparent-header-meta":"default","adv-header-id-meta":"","stick-header-meta":"","header-above-stick-meta":"","header-main-stick-meta":"","header-below-stick-meta":"","astra-migrate-meta-layouts":"set","ast-page-background-enabled":"default","ast-page-background-meta":{"desktop":{"background-color":"var(--ast-global-color-4)","background-image":"","background-repeat":"repeat","background-position":"center center","background-size":"auto","background-attachment":"scroll","background-type":"","background-media":"","overlay-type":"","overlay-color":"","overlay-opacity":"","overlay-gradient":""},"tablet":{"background-color":"","background-image":"","background-repeat":"repeat","background-position":"center center","background-size":"auto","background-attachment":"scroll","background-type":"","background-media":"","overlay-type":"","overlay-color":"","overlay-opacity":"","overlay-gradient":""},"mobile":{"background-color":"","background-image":"","background-repeat":"repeat","background-position":"center center","background-size":"auto","background-attachment":"scroll","background-type":"","background-media":"","overlay-type":"","overlay-color":"","overlay-opacity":"","overlay-gradient":""}},"ast-content-background-meta":{"desktop":{"background-color":"var(--ast-global-color-5)","background-image":"","background-repeat":"repeat","background-position":"center center","background-size":"auto","background-attachment":"scroll","background-type":"","background-media":"","overlay-type":"","overlay-color":"","overlay-opacity":"","overlay-gradient":""},"tablet":{"background-color":"var(--ast-global-color-5)","background-image":"","background-repeat":"repeat","background-position":"center center","background-size":"auto","background-attachment":"scroll","background-type":"","background-media":"","overlay-type":"","overlay-color":"","overlay-opacity":"","overlay-gradient":""},"mobile":{"background-color":"var(--ast-global-color-5)","background-image":"","background-repeat":"repeat","background-position":"center center","background-size":"auto","background-attachment":"scroll","background-type":"","background-media":"","overlay-type":"","overlay-color":"","overlay-opacity":"","overlay-gradient":""}},"_joinchat":[]},"product_brand":[],"product_cat":[42],"product_tag":[],"class_list":{"0":"post-708","1":"product","2":"type-product","3":"status-publish","4":"has-post-thumbnail","6":"product_cat-herramienta-hogar","7":"desktop-align-left","8":"tablet-align-left","9":"mobile-align-left","11":"first","12":"instock","13":"sale","14":"taxable","15":"shipping-taxable","16":"purchasable","17":"product-type-simple"},"_links":{"self":[{"href":"https:\/\/pillitzu.com\/index.php?rest_route=\/wp\/v2\/product\/708","targetHints":{"allow":["GET"]}}],"collection":[{"href":"https:\/\/pillitzu.com\/index.php?rest_route=\/wp\/v2\/product"}],"about":[{"href":"https:\/\/pillitzu.com\/index.php?rest_route=\/wp\/v2\/types\/product"}],"replies":[{"embeddable":true,"href":"https:\/\/pillitzu.com\/index.php?rest_route=%2Fwp%2Fv2%2Fcomments&post=708"}],"wp:featuredmedia":[{"embeddable":true,"href":"https:\/\/pillitzu.com\/index.php?rest_route=\/wp\/v2\/media\/709"}],"wp:attachment":[{"href":"https:\/\/pillitzu.com\/index.php?rest_route=%2Fwp%2Fv2%2Fmedia&parent=708"}],"wp:term":[{"taxonomy":"product_brand","embeddable":true,"href":"https:\/\/pillitzu.com\/index.php?rest_route=%2Fwp%2Fv2%2Fproduct_brand&post=708"},{"taxonomy":"product_cat","embeddable":true,"href":"https:\/\/pillitzu.com\/index.php?rest_route=%2Fwp%2Fv2%2Fproduct_cat&post=708"},{"taxonomy":"product_tag","embeddable":true,"href":"https:\/\/pillitzu.com\/index.php?rest_route=%2Fwp%2Fv2%2Fproduct_tag&post=708"}],"curies":[{"name":"wp","href":"https:\/\/api.w.org\/{rel}","templated":true}]}}