{"id":713,"date":"2024-04-02T18:58:09","date_gmt":"2024-04-03T00:58:09","guid":{"rendered":"https:\/\/pillitzu.com\/?post_type=product&#038;p=713"},"modified":"2024-05-24T16:39:52","modified_gmt":"2024-05-24T22:39:52","slug":"pistola-de-autolavado-a-presion","status":"publish","type":"product","link":"https:\/\/pillitzu.com\/?product=pistola-de-autolavado-a-presion","title":{"rendered":"Pistola Inal\u00e1mbrica de Autolavado a Presi\u00f3n"},"content":{"rendered":"<ul class=\"a-unordered-list a-vertical a-spacing-mini\">\n<li class=\"a-spacing-mini\" style=\"text-align: center;\"><span class=\"a-list-item\">[Kit Compacto] Con una sola compra, obtendr\u00e1 un paquete completo, jarra de espuma, boquilla de alta presi\u00f3n, boquilla difusora, conector de salida de agua, conector de botella de bebida, bater\u00eda de litio recargable de 4.0Ah, filtro, tubo de pistola de agua, manguera de suministro de agua (5 m) todo lo necesario para poder utilizar la m\u00e1quina de forma aut\u00f3noma y profesional.<\/span><\/li>\n<li class=\"a-spacing-mini\" style=\"text-align: center;\"><span class=\"a-list-item\">[Usos m\u00faltiples] La lavadora a presi\u00f3n no solo es adecuada para la limpieza de autom\u00f3viles o bicicletas, sino tambi\u00e9n muy adecuada para limpiar balcones, ventanas, pisos, regar flores y limpiar cultivos, etc. Si cambia el \u00e1ngulo de la boquilla, incluso puede usarla para regar flores o ba\u00f1ar a su linda mascota al aire libre. Tambi\u00e9n es ideal para viajar o sobre la marcha.<\/span><\/li>\n<li class=\"a-spacing-mini\" style=\"text-align: center;\"><span class=\"a-list-item\">[Dise\u00f1o port\u00e1til inal\u00e1mbrico] El dise\u00f1o port\u00e1til inal\u00e1mbrico de esta poderosa lavadora hace que sea f\u00e1cil de transportar ya que tambi\u00e9n es inal\u00e1mbrico. Con un peso de solo 3 kg, incluido el embalaje, es s\u00faper liviano para que pueda llevarlo con usted cuando lo necesite. Adem\u00e1s, el dise\u00f1o de la bomba autocebante con tuber\u00eda de agua de 5 m admite el bombeo de agua dulce de baldes, r\u00edos o piscinas, filtra eficazmente impurezas, escombros, hojas, insectos, arena, etc. y protege mejor la bomba de descarga de alta presi\u00f3n.<\/span><\/li>\n<li class=\"a-spacing-mini\" style=\"text-align: center;\"><span class=\"a-list-item\">[Potente y de gran capacidad] La lavadora a presi\u00f3n inal\u00e1mbrica proporciona una bater\u00eda de litio recargable de 24 V 4,0 Ah con gran capacidad. Esta bater\u00eda de litio de gran capacidad tiene una clasificaci\u00f3n de impermeabilidad IPX7, lo que prolonga en gran medida la vida \u00fatil de la m\u00e1quina port\u00e1til y mejora la seguridad de uso.<\/span><\/li>\n<li class=\"a-spacing-mini\" style=\"text-align: center;\"><span class=\"a-list-item\">[Boquillas giratorias 6 en 1]: la lavadora a presi\u00f3n port\u00e1til inal\u00e1mbrica est\u00e1 equipada con boquillas 6 en 1 (0\u00b0, 15\u00b0, 25\u00b0, 40\u00b0, rociador de espuma, modo lluvia). Cambie y ajuste diferentes modos de salida de agua girando la boquilla. Las boquillas m\u00faltiples de la m\u00e1quina le permiten cambiar f\u00e1cilmente entre diferentes niveles de intensidad del flujo de agua.<\/span><img fetchpriority=\"high\" decoding=\"async\" class=\"size-medium wp-image-714\" src=\"http:\/\/pillitzu.com\/wp-content\/uploads\/33-600x600.jpg\" alt=\"\" width=\"600\" height=\"600\" srcset=\"https:\/\/pillitzu.com\/wp-content\/uploads\/33-600x600.jpg 600w, https:\/\/pillitzu.com\/wp-content\/uploads\/33-720x720.jpg 720w, https:\/\/pillitzu.com\/wp-content\/uploads\/33-300x300.jpg 300w, https:\/\/pillitzu.com\/wp-content\/uploads\/33-768x768.jpg 768w, https:\/\/pillitzu.com\/wp-content\/uploads\/33-100x100.jpg 100w, https:\/\/pillitzu.com\/wp-content\/uploads\/33.jpg 800w\" sizes=\"(max-width: 600px) 100vw, 600px\" \/><\/li>\n<\/ul>\n","protected":false},"excerpt":{"rendered":"<p>-Lavadora a presi\u00f3n inal\u00e1mbrica con motor de cobre puro.<br \/>\n-Potencia de 200 W y una presi\u00f3n de agua de hasta 25 bares.<br \/>\n-Distancia del chorro de 10-12M<br \/>\n-Boquillas y modos m\u00faltiples<br \/>\n-Bater\u00eda de 12000 mAh, se puede usar de forma continua durante hasta 40 minutos.<\/p>\n<p>&nbsp;<\/p>\n","protected":false},"featured_media":714,"comment_status":"open","ping_status":"closed","template":"","meta":{"om_disable_all_campaigns":false,"_monsterinsights_skip_tracking":false,"_monsterinsights_sitenote_active":false,"_monsterinsights_sitenote_note":"","_monsterinsights_sitenote_category":0,"site-sidebar-layout":"default","site-content-layout":"","ast-site-content-layout":"default","site-content-style":"default","site-sidebar-style":"default","ast-global-header-display":"","ast-banner-title-visibility":"","ast-main-header-display":"","ast-hfb-above-header-display":"","ast-hfb-below-header-display":"","ast-hfb-mobile-header-display":"","site-post-title":"","ast-breadcrumbs-content":"","ast-featured-img":"","footer-sml-layout":"","theme-transparent-header-meta":"default","adv-header-id-meta":"","stick-header-meta":"","header-above-stick-meta":"","header-main-stick-meta":"","header-below-stick-meta":"","astra-migrate-meta-layouts":"set","ast-page-background-enabled":"default","ast-page-background-meta":{"desktop":{"background-color":"var(--ast-global-color-4)","background-image":"","background-repeat":"repeat","background-position":"center center","background-size":"auto","background-attachment":"scroll","background-type":"","background-media":"","overlay-type":"","overlay-color":"","overlay-opacity":"","overlay-gradient":""},"tablet":{"background-color":"","background-image":"","background-repeat":"repeat","background-position":"center center","background-size":"auto","background-attachment":"scroll","background-type":"","background-media":"","overlay-type":"","overlay-color":"","overlay-opacity":"","overlay-gradient":""},"mobile":{"background-color":"","background-image":"","background-repeat":"repeat","background-position":"center center","background-size":"auto","background-attachment":"scroll","background-type":"","background-media":"","overlay-type":"","overlay-color":"","overlay-opacity":"","overlay-gradient":""}},"ast-content-background-meta":{"desktop":{"background-color":"var(--ast-global-color-5)","background-image":"","background-repeat":"repeat","background-position":"center center","background-size":"auto","background-attachment":"scroll","background-type":"","background-media":"","overlay-type":"","overlay-color":"","overlay-opacity":"","overlay-gradient":""},"tablet":{"background-color":"var(--ast-global-color-5)","background-image":"","background-repeat":"repeat","background-position":"center center","background-size":"auto","background-attachment":"scroll","background-type":"","background-media":"","overlay-type":"","overlay-color":"","overlay-opacity":"","overlay-gradient":""},"mobile":{"background-color":"var(--ast-global-color-5)","background-image":"","background-repeat":"repeat","background-position":"center center","background-size":"auto","background-attachment":"scroll","background-type":"","background-media":"","overlay-type":"","overlay-color":"","overlay-opacity":"","overlay-gradient":""}},"_joinchat":[]},"product_brand":[],"product_cat":[42],"product_tag":[],"class_list":{"0":"post-713","1":"product","2":"type-product","3":"status-publish","4":"has-post-thumbnail","6":"product_cat-herramienta-hogar","7":"desktop-align-left","8":"tablet-align-left","9":"mobile-align-left","11":"first","12":"instock","13":"sale","14":"taxable","15":"shipping-taxable","16":"purchasable","17":"product-type-simple"},"_links":{"self":[{"href":"https:\/\/pillitzu.com\/index.php?rest_route=\/wp\/v2\/product\/713","targetHints":{"allow":["GET"]}}],"collection":[{"href":"https:\/\/pillitzu.com\/index.php?rest_route=\/wp\/v2\/product"}],"about":[{"href":"https:\/\/pillitzu.com\/index.php?rest_route=\/wp\/v2\/types\/product"}],"replies":[{"embeddable":true,"href":"https:\/\/pillitzu.com\/index.php?rest_route=%2Fwp%2Fv2%2Fcomments&post=713"}],"wp:featuredmedia":[{"embeddable":true,"href":"https:\/\/pillitzu.com\/index.php?rest_route=\/wp\/v2\/media\/714"}],"wp:attachment":[{"href":"https:\/\/pillitzu.com\/index.php?rest_route=%2Fwp%2Fv2%2Fmedia&parent=713"}],"wp:term":[{"taxonomy":"product_brand","embeddable":true,"href":"https:\/\/pillitzu.com\/index.php?rest_route=%2Fwp%2Fv2%2Fproduct_brand&post=713"},{"taxonomy":"product_cat","embeddable":true,"href":"https:\/\/pillitzu.com\/index.php?rest_route=%2Fwp%2Fv2%2Fproduct_cat&post=713"},{"taxonomy":"product_tag","embeddable":true,"href":"https:\/\/pillitzu.com\/index.php?rest_route=%2Fwp%2Fv2%2Fproduct_tag&post=713"}],"curies":[{"name":"wp","href":"https:\/\/api.w.org\/{rel}","templated":true}]}}