{"id":717,"date":"2024-04-02T19:01:16","date_gmt":"2024-04-03T01:01:16","guid":{"rendered":"https:\/\/pillitzu.com\/?post_type=product&#038;p=717"},"modified":"2024-05-24T16:38:35","modified_gmt":"2024-05-24T22:38:35","slug":"pistola-de-aire","status":"publish","type":"product","link":"https:\/\/pillitzu.com\/?product=pistola-de-aire","title":{"rendered":"Pistola de Aire Destapa Ca\u00f1os y Tuberias"},"content":{"rendered":"<p style=\"text-align: center;\">Destapa excusados y lavabos con el poder del aire presurizado<\/p>\n<p style=\"text-align: center;\">Trabajos en lavabos, ba\u00f1eras, y aseos.<br \/>\nRe utilizable , ecol\u00f3gico y f\u00e1cil de usar.<br \/>\nSin productos qu\u00edmicos.<br \/>\nIncluye un conjunto completo de accesorios que puede desatascar todos los desag\u00fces en la casa.<\/p>\n<p style=\"text-align: center;\">Bomba Casera para Destapar Ca\u00f1os<\/p>\n<p style=\"text-align: center;\">\u2022 Pistola a presi\u00f3n 30 psi (libras por pulgada cuadrada de presi\u00f3n) para destapar todo tipo de lineas de drenaje saturada.<\/p>\n<p style=\"text-align: center;\">\u2022 Puede ser utilizada en inodoros, sanitarios,regaderas, fregaderos, lavamanos, tinas etc.<\/p>\n<p style=\"text-align: center;\">\u2022 Modo de uso: Bombee la pistola las veces que sea necesario hasta que se<br \/>\nllene de aire de esta forma la pistola a presi\u00f3n realizar\u00e1 m\u00e1s eficientemente su trabajo.<\/p>\n<p style=\"text-align: center;\">\u2022 Coloque firmemente la boquilla adecuada para el lugar a destapar.<\/p>\n<p style=\"text-align: center;\">Paquete incluye:<br \/>\n1 Pistola Drain Blaster + 4 Diferentes Tama\u00f1o adaptador<\/p>\n<p style=\"text-align: center;\"><img fetchpriority=\"high\" decoding=\"async\" class=\"size-medium wp-image-719\" src=\"http:\/\/pillitzu.com\/wp-content\/uploads\/17-1-600x600.jpg\" alt=\"\" width=\"600\" height=\"600\" srcset=\"https:\/\/pillitzu.com\/wp-content\/uploads\/17-1-600x600.jpg 600w, https:\/\/pillitzu.com\/wp-content\/uploads\/17-1-720x720.jpg 720w, https:\/\/pillitzu.com\/wp-content\/uploads\/17-1-300x300.jpg 300w, https:\/\/pillitzu.com\/wp-content\/uploads\/17-1-768x768.jpg 768w, https:\/\/pillitzu.com\/wp-content\/uploads\/17-1-100x100.jpg 100w, https:\/\/pillitzu.com\/wp-content\/uploads\/17-1.jpg 800w\" sizes=\"(max-width: 600px) 100vw, 600px\" \/><\/p>\n","protected":false},"excerpt":{"rendered":"<p>PISTOLA DE AIRE PARA TUBERIA<\/p>\n<p>-Puede remover efectivamente cabello, residuos de papel, vegetales, grasa, residuos sanitarios y basura de la tuber\u00eda.<br \/>\n-Utiliza la potencia del aire comprimido a alta presi\u00f3n.<br \/>\n-Se pueden utilizar en inodoros, lavabos, ba\u00f1eras, duchas, fregaderos, desag\u00fces de piso, tuber\u00edas bloqueadas, etc.<br \/>\n-Cuenta con 4 boquillas de f\u00e1cil ensamblaje.<\/p>\n<p>&nbsp;<\/p>\n","protected":false},"featured_media":718,"comment_status":"open","ping_status":"closed","template":"","meta":{"om_disable_all_campaigns":false,"_monsterinsights_skip_tracking":false,"_monsterinsights_sitenote_active":false,"_monsterinsights_sitenote_note":"","_monsterinsights_sitenote_category":0,"site-sidebar-layout":"default","site-content-layout":"","ast-site-content-layout":"default","site-content-style":"default","site-sidebar-style":"default","ast-global-header-display":"","ast-banner-title-visibility":"","ast-main-header-display":"","ast-hfb-above-header-display":"","ast-hfb-below-header-display":"","ast-hfb-mobile-header-display":"","site-post-title":"","ast-breadcrumbs-content":"","ast-featured-img":"","footer-sml-layout":"","theme-transparent-header-meta":"default","adv-header-id-meta":"","stick-header-meta":"","header-above-stick-meta":"","header-main-stick-meta":"","header-below-stick-meta":"","astra-migrate-meta-layouts":"set","ast-page-background-enabled":"default","ast-page-background-meta":{"desktop":{"background-color":"var(--ast-global-color-4)","background-image":"","background-repeat":"repeat","background-position":"center center","background-size":"auto","background-attachment":"scroll","background-type":"","background-media":"","overlay-type":"","overlay-color":"","overlay-opacity":"","overlay-gradient":""},"tablet":{"background-color":"","background-image":"","background-repeat":"repeat","background-position":"center center","background-size":"auto","background-attachment":"scroll","background-type":"","background-media":"","overlay-type":"","overlay-color":"","overlay-opacity":"","overlay-gradient":""},"mobile":{"background-color":"","background-image":"","background-repeat":"repeat","background-position":"center center","background-size":"auto","background-attachment":"scroll","background-type":"","background-media":"","overlay-type":"","overlay-color":"","overlay-opacity":"","overlay-gradient":""}},"ast-content-background-meta":{"desktop":{"background-color":"var(--ast-global-color-5)","background-image":"","background-repeat":"repeat","background-position":"center center","background-size":"auto","background-attachment":"scroll","background-type":"","background-media":"","overlay-type":"","overlay-color":"","overlay-opacity":"","overlay-gradient":""},"tablet":{"background-color":"var(--ast-global-color-5)","background-image":"","background-repeat":"repeat","background-position":"center center","background-size":"auto","background-attachment":"scroll","background-type":"","background-media":"","overlay-type":"","overlay-color":"","overlay-opacity":"","overlay-gradient":""},"mobile":{"background-color":"var(--ast-global-color-5)","background-image":"","background-repeat":"repeat","background-position":"center center","background-size":"auto","background-attachment":"scroll","background-type":"","background-media":"","overlay-type":"","overlay-color":"","overlay-opacity":"","overlay-gradient":""}},"_joinchat":[]},"product_brand":[],"product_cat":[42],"product_tag":[],"class_list":{"0":"post-717","1":"product","2":"type-product","3":"status-publish","4":"has-post-thumbnail","6":"product_cat-herramienta-hogar","7":"desktop-align-left","8":"tablet-align-left","9":"mobile-align-left","11":"first","12":"instock","13":"sale","14":"taxable","15":"shipping-taxable","16":"purchasable","17":"product-type-simple"},"_links":{"self":[{"href":"https:\/\/pillitzu.com\/index.php?rest_route=\/wp\/v2\/product\/717","targetHints":{"allow":["GET"]}}],"collection":[{"href":"https:\/\/pillitzu.com\/index.php?rest_route=\/wp\/v2\/product"}],"about":[{"href":"https:\/\/pillitzu.com\/index.php?rest_route=\/wp\/v2\/types\/product"}],"replies":[{"embeddable":true,"href":"https:\/\/pillitzu.com\/index.php?rest_route=%2Fwp%2Fv2%2Fcomments&post=717"}],"wp:featuredmedia":[{"embeddable":true,"href":"https:\/\/pillitzu.com\/index.php?rest_route=\/wp\/v2\/media\/718"}],"wp:attachment":[{"href":"https:\/\/pillitzu.com\/index.php?rest_route=%2Fwp%2Fv2%2Fmedia&parent=717"}],"wp:term":[{"taxonomy":"product_brand","embeddable":true,"href":"https:\/\/pillitzu.com\/index.php?rest_route=%2Fwp%2Fv2%2Fproduct_brand&post=717"},{"taxonomy":"product_cat","embeddable":true,"href":"https:\/\/pillitzu.com\/index.php?rest_route=%2Fwp%2Fv2%2Fproduct_cat&post=717"},{"taxonomy":"product_tag","embeddable":true,"href":"https:\/\/pillitzu.com\/index.php?rest_route=%2Fwp%2Fv2%2Fproduct_tag&post=717"}],"curies":[{"name":"wp","href":"https:\/\/api.w.org\/{rel}","templated":true}]}}