{"id":720,"date":"2024-04-03T14:26:58","date_gmt":"2024-04-03T20:26:58","guid":{"rendered":"https:\/\/pillitzu.com\/?post_type=product&#038;p=720"},"modified":"2024-05-24T16:36:36","modified_gmt":"2024-05-24T22:36:36","slug":"maquina-limpiadora-de-vapor","status":"publish","type":"product","link":"https:\/\/pillitzu.com\/?product=maquina-limpiadora-de-vapor","title":{"rendered":"Maquina Limpiadora de Vapor"},"content":{"rendered":"<ul class=\"a-unordered-list a-vertical a-spacing-mini\">\n<li class=\"a-spacing-mini\"><span class=\"a-list-item\">\ud83c\udf31Alta Calidad:Hecho de material abs de alta calidad, sin humos qu\u00edmicos ni residuos, utiliza vapor solo para la limpieza.el limpiador a vapor manual puede limpiar profundamente cualquier superficie que requiera atenci\u00f3n sin productos qu\u00edmicos. Esto no solo es bueno para el medio ambiente, sino tambi\u00e9n para los electrodom\u00e9sticos.<\/span><\/li>\n<li class=\"a-spacing-mini\"><span class=\"a-list-item\">\ud83c\udf31Alta Temperatura y Presurizado: Nuestro limpiador genera vapor de presi\u00f3n hasta 3,2 bar , ofrece la limpieza de manera f\u00edsica completamente sin productos nocivos. Por la potencia de 1000w, podr\u00e1 producir 30% m\u00e1s flujo de vapor que otros limpiadores a vapor tradicional, luego el vapor, de poder de penetraci\u00f3n super fuerte, podr\u00e1 eleminar la suciedad m\u00e1s incrustada, los residuos de cal y los dep\u00f3sitos de grasa.<\/span><\/li>\n<li class=\"a-spacing-mini\"><span class=\"a-list-item\">\ud83c\udf31Limpieza Profunda: Manguera extensible para entrar en espacios reducidos y zonas de dif\u00edcil acceso para una limpieza a trav\u00e9s de ella. La boquilla giratoria de 360\u00b0 puede limpiar puntos ciegos.la tapa de seguridad en la parte superior y el bloqueo de seguridad en el mango pueden protegerte de quemaduras para garantizar un uso seguro.<\/span><\/li>\n<li class=\"a-spacing-mini\"><span class=\"a-list-item\">\ud83c\udf31Multifuncional: Este limpiador de vapor port\u00e1til es el accesorio perfecto para ayudarlo a limpiar electrodom\u00e9sticos de cocina, ropa, decoraci\u00f3n de interiores, autom\u00f3viles, ba\u00f1os y cualquier otra \u00e1rea sucia de su casa. Este poderoso vapor penetra profundamente en la grasa quemada y los derrames de alimentos, lo que facilita la limpieza de cocinas y hornos.<\/span><\/li>\n<li class=\"a-spacing-mini\"><span class=\"a-list-item\">\ud83c\udf31Gran Capacidad y Despu\u00e9s de las Ventas: La capacidad del tanque de agua de 500ML puede proporcionar vapor continuo durante unos 10 minutos sin a\u00f1adir agua con frecuencia. Solo necesitas unos 2 minutos para producir vapor caliente presurizado r\u00e1pidamente.Nos esforzamos por brindar el servicio m\u00e1s satisfactorio. Si tiene alguna pregunta o insatisfacci\u00f3n con el producto, no dude en contactarnos, \u00a1servicio posventa en l\u00ednea las 24 horas!<\/span><img fetchpriority=\"high\" decoding=\"async\" class=\"size-medium wp-image-721\" src=\"http:\/\/pillitzu.com\/wp-content\/uploads\/32-600x600.jpg\" alt=\"\" width=\"600\" height=\"600\" srcset=\"https:\/\/pillitzu.com\/wp-content\/uploads\/32-600x600.jpg 600w, https:\/\/pillitzu.com\/wp-content\/uploads\/32-720x720.jpg 720w, https:\/\/pillitzu.com\/wp-content\/uploads\/32-300x300.jpg 300w, https:\/\/pillitzu.com\/wp-content\/uploads\/32-768x768.jpg 768w, https:\/\/pillitzu.com\/wp-content\/uploads\/32-100x100.jpg 100w, https:\/\/pillitzu.com\/wp-content\/uploads\/32.jpg 800w\" sizes=\"(max-width: 600px) 100vw, 600px\" \/><\/li>\n<\/ul>\n","protected":false},"excerpt":{"rendered":"<p>-Potente motor de vapor presurizado de hasta 3 bares.<br \/>\n-Se incluye un juego completo de 9 accesorios en el paquete.<br \/>\n-Incluye cierre de seguridad y v\u00e1lvula de seguridad en el mango para mayor tranquilidad.<br \/>\n-Adecuadas para sellar superficies de diferentes materiales.<br \/>\n-Solo tarda de 3 a 5 minutos en calentarse hasta la presi\u00f3n m\u00e1xima.<\/p>\n<p>&nbsp;<\/p>\n","protected":false},"featured_media":721,"comment_status":"open","ping_status":"closed","template":"","meta":{"om_disable_all_campaigns":false,"_monsterinsights_skip_tracking":false,"_monsterinsights_sitenote_active":false,"_monsterinsights_sitenote_note":"","_monsterinsights_sitenote_category":0,"site-sidebar-layout":"default","site-content-layout":"","ast-site-content-layout":"default","site-content-style":"default","site-sidebar-style":"default","ast-global-header-display":"","ast-banner-title-visibility":"","ast-main-header-display":"","ast-hfb-above-header-display":"","ast-hfb-below-header-display":"","ast-hfb-mobile-header-display":"","site-post-title":"","ast-breadcrumbs-content":"","ast-featured-img":"","footer-sml-layout":"","theme-transparent-header-meta":"default","adv-header-id-meta":"","stick-header-meta":"","header-above-stick-meta":"","header-main-stick-meta":"","header-below-stick-meta":"","astra-migrate-meta-layouts":"set","ast-page-background-enabled":"default","ast-page-background-meta":{"desktop":{"background-color":"var(--ast-global-color-4)","background-image":"","background-repeat":"repeat","background-position":"center center","background-size":"auto","background-attachment":"scroll","background-type":"","background-media":"","overlay-type":"","overlay-color":"","overlay-opacity":"","overlay-gradient":""},"tablet":{"background-color":"","background-image":"","background-repeat":"repeat","background-position":"center center","background-size":"auto","background-attachment":"scroll","background-type":"","background-media":"","overlay-type":"","overlay-color":"","overlay-opacity":"","overlay-gradient":""},"mobile":{"background-color":"","background-image":"","background-repeat":"repeat","background-position":"center center","background-size":"auto","background-attachment":"scroll","background-type":"","background-media":"","overlay-type":"","overlay-color":"","overlay-opacity":"","overlay-gradient":""}},"ast-content-background-meta":{"desktop":{"background-color":"var(--ast-global-color-5)","background-image":"","background-repeat":"repeat","background-position":"center center","background-size":"auto","background-attachment":"scroll","background-type":"","background-media":"","overlay-type":"","overlay-color":"","overlay-opacity":"","overlay-gradient":""},"tablet":{"background-color":"var(--ast-global-color-5)","background-image":"","background-repeat":"repeat","background-position":"center center","background-size":"auto","background-attachment":"scroll","background-type":"","background-media":"","overlay-type":"","overlay-color":"","overlay-opacity":"","overlay-gradient":""},"mobile":{"background-color":"var(--ast-global-color-5)","background-image":"","background-repeat":"repeat","background-position":"center center","background-size":"auto","background-attachment":"scroll","background-type":"","background-media":"","overlay-type":"","overlay-color":"","overlay-opacity":"","overlay-gradient":""}},"_joinchat":[]},"product_brand":[],"product_cat":[42],"product_tag":[],"class_list":{"0":"post-720","1":"product","2":"type-product","3":"status-publish","4":"has-post-thumbnail","6":"product_cat-herramienta-hogar","7":"desktop-align-left","8":"tablet-align-left","9":"mobile-align-left","11":"first","12":"instock","13":"sale","14":"taxable","15":"shipping-taxable","16":"purchasable","17":"product-type-simple"},"_links":{"self":[{"href":"https:\/\/pillitzu.com\/index.php?rest_route=\/wp\/v2\/product\/720","targetHints":{"allow":["GET"]}}],"collection":[{"href":"https:\/\/pillitzu.com\/index.php?rest_route=\/wp\/v2\/product"}],"about":[{"href":"https:\/\/pillitzu.com\/index.php?rest_route=\/wp\/v2\/types\/product"}],"replies":[{"embeddable":true,"href":"https:\/\/pillitzu.com\/index.php?rest_route=%2Fwp%2Fv2%2Fcomments&post=720"}],"wp:featuredmedia":[{"embeddable":true,"href":"https:\/\/pillitzu.com\/index.php?rest_route=\/wp\/v2\/media\/721"}],"wp:attachment":[{"href":"https:\/\/pillitzu.com\/index.php?rest_route=%2Fwp%2Fv2%2Fmedia&parent=720"}],"wp:term":[{"taxonomy":"product_brand","embeddable":true,"href":"https:\/\/pillitzu.com\/index.php?rest_route=%2Fwp%2Fv2%2Fproduct_brand&post=720"},{"taxonomy":"product_cat","embeddable":true,"href":"https:\/\/pillitzu.com\/index.php?rest_route=%2Fwp%2Fv2%2Fproduct_cat&post=720"},{"taxonomy":"product_tag","embeddable":true,"href":"https:\/\/pillitzu.com\/index.php?rest_route=%2Fwp%2Fv2%2Fproduct_tag&post=720"}],"curies":[{"name":"wp","href":"https:\/\/api.w.org\/{rel}","templated":true}]}}