{"id":722,"date":"2024-04-03T14:32:15","date_gmt":"2024-04-03T20:32:15","guid":{"rendered":"https:\/\/pillitzu.com\/?post_type=product&#038;p=722"},"modified":"2024-05-24T16:18:57","modified_gmt":"2024-05-24T22:18:57","slug":"mini-motosierra","status":"publish","type":"product","link":"https:\/\/pillitzu.com\/?product=mini-motosierra","title":{"rendered":"Mini Motosierra"},"content":{"rendered":"<ul class=\"a-unordered-list a-vertical a-spacing-mini\">\n<li class=\"a-spacing-mini\" style=\"text-align: center;\"><span class=\"a-list-item\">\u25b6Dise\u00f1o de seguridad: Esta peque\u00f1a motosierra agrega un interruptor de bloqueo de seguridad y un protector contra salpicaduras. Para evitar accidentes, el bloqueo de seguridad y el gatillo deben presionarse al mismo tiempo para arrancar la sierra. El deflector de salpicaduras puede evitar que el objeto a cortar salpique durante el proceso de trabajo. Tambi\u00e9n agregamos luces LED, que se pueden usar para iluminar cuando la luz es baja.<\/span><\/li>\n<li class=\"a-spacing-mini\" style=\"text-align: center;\"><span class=\"a-list-item\">\u25b6Ligero: Esta mini motosierra pesa s\u00f3lo 1.3kg. Debido a su ligereza, incluso las mujeres pueden usar f\u00e1cilmente esta mini motosierra. Su peque\u00f1o tama\u00f1o es f\u00e1cil de operar con una mano. Esta motosierra port\u00e1til se siente c\u00f3moda de sostener incluso si se sostiene durante mucho tiempo, por lo que no se sentir\u00e1 cansado durante las largas horas de trabajo.<\/span><\/li>\n<li class=\"a-spacing-mini\" style=\"text-align: center;\"><span class=\"a-list-item\">\u25b6Dise\u00f1o humanizado: la motosierra de bater\u00eda adopta una cadena gu\u00eda de alta calidad, despu\u00e9s de un tratamiento de enfriamiento y endurecimiento profundo, que es m\u00e1s resistente al desgaste y duradera que la cadena normal, lo que te permite cortar suavemente. Se utiliza un motor de cobre puro, que es muy potente. La eficiencia de corte es m\u00e1s alta y m\u00e1s r\u00e1pida.<\/span><\/li>\n<li class=\"a-spacing-mini\" style=\"text-align: center;\"><span class=\"a-list-item\">\u25b6Bater\u00edas de alta capacidad: sierra de cadena port\u00e1til con bater\u00eda de litio recargable de 24 V 2000 mAh, m\u00e1s potente, puede mejorar la eficiencia de la jardiner\u00eda. Al mismo tiempo, despu\u00e9s de su uso, aplica la cantidad correcta de lubricante para proteger la podadora el\u00e9ctrica, lo que lograr\u00e1 mejores resultados.<\/span><img fetchpriority=\"high\" decoding=\"async\" class=\"size-medium wp-image-723\" src=\"http:\/\/pillitzu.com\/wp-content\/uploads\/31-600x600.jpg\" alt=\"\" width=\"600\" height=\"600\" srcset=\"https:\/\/pillitzu.com\/wp-content\/uploads\/31-600x600.jpg 600w, https:\/\/pillitzu.com\/wp-content\/uploads\/31-720x720.jpg 720w, https:\/\/pillitzu.com\/wp-content\/uploads\/31-300x300.jpg 300w, https:\/\/pillitzu.com\/wp-content\/uploads\/31-768x768.jpg 768w, https:\/\/pillitzu.com\/wp-content\/uploads\/31-100x100.jpg 100w, https:\/\/pillitzu.com\/wp-content\/uploads\/31.jpg 800w\" sizes=\"(max-width: 600px) 100vw, 600px\" \/><\/li>\n<\/ul>\n","protected":false},"excerpt":{"rendered":"<p>&#8211; Inal\u00e1mbrica e incluye 2 bater\u00edas recargables de 48V<br \/>\n&#8211; Velocidad de corte de 15,00 rpm.<br \/>\n&#8211; Protecci\u00f3n de cubierta de la sierra para el usuario.<br \/>\n&#8211; Tiempo de corte de 10 segundos aprox. para ramas de hasta 15 cm y m\u00e1s grandes<br \/>\n&#8211; Hecha de aleaci\u00f3n de acero y metal ultra resistente.<\/p>\n<p>\ud83d\udcb2\u00a1810!\ud83d\udcb2<\/p>\n<p>\ud83d\udcb5\ud83d\udefb\u00a1CUENTO CON ENTREGA EN PUNTO MEDIO Y A DOMICILIO, ACEPTO VARIOS METODOS DE PAGO PREGUNTA SIN COMPROMISO! \ud83d\udefb\ud83d\udcb5<\/p>\n","protected":false},"featured_media":723,"comment_status":"open","ping_status":"closed","template":"","meta":{"om_disable_all_campaigns":false,"_monsterinsights_skip_tracking":false,"_monsterinsights_sitenote_active":false,"_monsterinsights_sitenote_note":"","_monsterinsights_sitenote_category":0,"site-sidebar-layout":"default","site-content-layout":"","ast-site-content-layout":"default","site-content-style":"default","site-sidebar-style":"default","ast-global-header-display":"","ast-banner-title-visibility":"","ast-main-header-display":"","ast-hfb-above-header-display":"","ast-hfb-below-header-display":"","ast-hfb-mobile-header-display":"","site-post-title":"","ast-breadcrumbs-content":"","ast-featured-img":"","footer-sml-layout":"","theme-transparent-header-meta":"default","adv-header-id-meta":"","stick-header-meta":"","header-above-stick-meta":"","header-main-stick-meta":"","header-below-stick-meta":"","astra-migrate-meta-layouts":"set","ast-page-background-enabled":"default","ast-page-background-meta":{"desktop":{"background-color":"var(--ast-global-color-4)","background-image":"","background-repeat":"repeat","background-position":"center center","background-size":"auto","background-attachment":"scroll","background-type":"","background-media":"","overlay-type":"","overlay-color":"","overlay-opacity":"","overlay-gradient":""},"tablet":{"background-color":"","background-image":"","background-repeat":"repeat","background-position":"center center","background-size":"auto","background-attachment":"scroll","background-type":"","background-media":"","overlay-type":"","overlay-color":"","overlay-opacity":"","overlay-gradient":""},"mobile":{"background-color":"","background-image":"","background-repeat":"repeat","background-position":"center center","background-size":"auto","background-attachment":"scroll","background-type":"","background-media":"","overlay-type":"","overlay-color":"","overlay-opacity":"","overlay-gradient":""}},"ast-content-background-meta":{"desktop":{"background-color":"var(--ast-global-color-5)","background-image":"","background-repeat":"repeat","background-position":"center center","background-size":"auto","background-attachment":"scroll","background-type":"","background-media":"","overlay-type":"","overlay-color":"","overlay-opacity":"","overlay-gradient":""},"tablet":{"background-color":"var(--ast-global-color-5)","background-image":"","background-repeat":"repeat","background-position":"center center","background-size":"auto","background-attachment":"scroll","background-type":"","background-media":"","overlay-type":"","overlay-color":"","overlay-opacity":"","overlay-gradient":""},"mobile":{"background-color":"var(--ast-global-color-5)","background-image":"","background-repeat":"repeat","background-position":"center center","background-size":"auto","background-attachment":"scroll","background-type":"","background-media":"","overlay-type":"","overlay-color":"","overlay-opacity":"","overlay-gradient":""}},"_joinchat":[]},"product_brand":[],"product_cat":[42],"product_tag":[],"class_list":{"0":"post-722","1":"product","2":"type-product","3":"status-publish","4":"has-post-thumbnail","6":"product_cat-herramienta-hogar","7":"desktop-align-left","8":"tablet-align-left","9":"mobile-align-left","11":"first","12":"instock","13":"sale","14":"taxable","15":"shipping-taxable","16":"purchasable","17":"product-type-simple"},"_links":{"self":[{"href":"https:\/\/pillitzu.com\/index.php?rest_route=\/wp\/v2\/product\/722","targetHints":{"allow":["GET"]}}],"collection":[{"href":"https:\/\/pillitzu.com\/index.php?rest_route=\/wp\/v2\/product"}],"about":[{"href":"https:\/\/pillitzu.com\/index.php?rest_route=\/wp\/v2\/types\/product"}],"replies":[{"embeddable":true,"href":"https:\/\/pillitzu.com\/index.php?rest_route=%2Fwp%2Fv2%2Fcomments&post=722"}],"wp:featuredmedia":[{"embeddable":true,"href":"https:\/\/pillitzu.com\/index.php?rest_route=\/wp\/v2\/media\/723"}],"wp:attachment":[{"href":"https:\/\/pillitzu.com\/index.php?rest_route=%2Fwp%2Fv2%2Fmedia&parent=722"}],"wp:term":[{"taxonomy":"product_brand","embeddable":true,"href":"https:\/\/pillitzu.com\/index.php?rest_route=%2Fwp%2Fv2%2Fproduct_brand&post=722"},{"taxonomy":"product_cat","embeddable":true,"href":"https:\/\/pillitzu.com\/index.php?rest_route=%2Fwp%2Fv2%2Fproduct_cat&post=722"},{"taxonomy":"product_tag","embeddable":true,"href":"https:\/\/pillitzu.com\/index.php?rest_route=%2Fwp%2Fv2%2Fproduct_tag&post=722"}],"curies":[{"name":"wp","href":"https:\/\/api.w.org\/{rel}","templated":true}]}}