{"id":724,"date":"2024-04-03T14:38:06","date_gmt":"2024-04-03T20:38:06","guid":{"rendered":"https:\/\/pillitzu.com\/?post_type=product&#038;p=724"},"modified":"2024-05-24T16:18:06","modified_gmt":"2024-05-24T22:18:06","slug":"faja-colombiana","status":"publish","type":"product","link":"https:\/\/pillitzu.com\/?product=faja-colombiana","title":{"rendered":"Faja Colombiana"},"content":{"rendered":"<div class=\"a-expander-content a-expander-partial-collapse-content a-expander-content-expanded\" aria-expanded=\"true\">\n<ul class=\"a-unordered-list a-vertical a-spacing-small\">\n<li style=\"text-align: center;\"><span class=\"a-list-item a-size-base a-color-base\">Comprueba la tabla de tallas antes de comprar: es muy importante que tomes tus medidas para elegir la mejor talla. Medidas de las caderas para principiantes: XS (35-37 pulgadas), S (37-39.5 pulgadas), M (39.6-42 pulgadas), L (42-44 pulgadas), XL (44.1-46.5 pulgadas), 2XL (46.5-49 pulgadas). 3XL (1 cm), 9.6-51.1 pulgadas), 4XL (51.5-53.5 pulgadas). Al principio puede ser dif\u00edcil ponerse la faja, pero despu\u00e9s de usarla varias veces ser\u00e1 m\u00e1s f\u00e1cil. Si eres un usuario regular de faja, encuentra tu talla en la columna EXPERT.<\/span><\/li>\n<\/ul>\n<ul class=\"a-unordered-list a-vertical a-spacing-small\" style=\"text-align: center;\">\n<li><span class=\"a-list-item a-size-base a-color-base\">\ud83d\udc8eContornea tu cuerpo. Este es un forro de licra Powernet y c\u00f3modo de alta compresi\u00f3n para mujer<\/span><\/li>\n<\/ul>\n<ul class=\"a-unordered-list a-vertical a-spacing-small\" style=\"text-align: center;\">\n<li><span class=\"a-list-item a-size-base a-color-base\">\ud83d\udc8eCaracter\u00edsticas: body de 2 l\u00edneas de ganchos semicubiertos con tirantes en la espalda. Prenda de compresi\u00f3n postoperatoria con cierre perineal.<\/span><\/li>\n<\/ul>\n<ul class=\"a-unordered-list a-vertical a-spacing-small\" style=\"text-align: center;\">\n<li><span class=\"a-list-item a-size-base a-color-base\">\ud83d\udc8eSe adapta como un guante. Mant\u00e9n la forma que deseas y aseg\u00farate de ello. Efecto de levantamiento de gl\u00fateos<\/span><\/li>\n<\/ul>\n<ul class=\"a-unordered-list a-vertical a-spacing-small\" style=\"text-align: center;\">\n<li><span class=\"a-list-item a-size-base a-color-base\">\ud83d\udc8e La faja postquir\u00fargica SHAPEWEAR utiliza tela Powernet avanzada y tiene efecto adelgazante<\/span><\/li>\n<\/ul>\n<\/div>\n<div id=\"productFactsToggleButton\" class=\"a-expander-header a-expander-partial-collapse-header\">\n<p><img fetchpriority=\"high\" decoding=\"async\" class=\"size-medium wp-image-725 aligncenter\" src=\"http:\/\/pillitzu.com\/wp-content\/uploads\/34-600x600.jpg\" alt=\"\" width=\"600\" height=\"600\" srcset=\"https:\/\/pillitzu.com\/wp-content\/uploads\/34-600x600.jpg 600w, https:\/\/pillitzu.com\/wp-content\/uploads\/34-720x720.jpg 720w, https:\/\/pillitzu.com\/wp-content\/uploads\/34-300x300.jpg 300w, https:\/\/pillitzu.com\/wp-content\/uploads\/34-768x768.jpg 768w, https:\/\/pillitzu.com\/wp-content\/uploads\/34-100x100.jpg 100w, https:\/\/pillitzu.com\/wp-content\/uploads\/34.jpg 800w\" sizes=\"(max-width: 600px) 100vw, 600px\" \/><\/p>\n<\/div>\n","protected":false},"excerpt":{"rendered":"<p>\u2728FAJA SHAPE CONCEPT\u2728<\/p>\n<p>-Moldear el cuerpo.<br \/>\n-Levantar los gl\u00fateos.<br \/>\n-Reducir la cintura.<br \/>\n&#8211; Uso postquir\u00fargico.<\/p>\n<p>\ud83d\udcb2\u00a11,800!\ud83d\udcb2<\/p>\n<p>\ud83d\udcb5\ud83d\udefb\u00a1CUENTO CON ENTREGA EN PUNTO MEDIO Y A DOMICILIO, ACEPTO VARIOS METODOS DE PAGO PREGUNTA SIN COMPROMISO! \ud83d\udefb\ud83d\udcb5<\/p>\n","protected":false},"featured_media":725,"comment_status":"open","ping_status":"closed","template":"","meta":{"om_disable_all_campaigns":false,"_monsterinsights_skip_tracking":false,"_monsterinsights_sitenote_active":false,"_monsterinsights_sitenote_note":"","_monsterinsights_sitenote_category":0,"site-sidebar-layout":"default","site-content-layout":"","ast-site-content-layout":"default","site-content-style":"default","site-sidebar-style":"default","ast-global-header-display":"","ast-banner-title-visibility":"","ast-main-header-display":"","ast-hfb-above-header-display":"","ast-hfb-below-header-display":"","ast-hfb-mobile-header-display":"","site-post-title":"","ast-breadcrumbs-content":"","ast-featured-img":"","footer-sml-layout":"","theme-transparent-header-meta":"default","adv-header-id-meta":"","stick-header-meta":"","header-above-stick-meta":"","header-main-stick-meta":"","header-below-stick-meta":"","astra-migrate-meta-layouts":"set","ast-page-background-enabled":"default","ast-page-background-meta":{"desktop":{"background-color":"var(--ast-global-color-4)","background-image":"","background-repeat":"repeat","background-position":"center center","background-size":"auto","background-attachment":"scroll","background-type":"","background-media":"","overlay-type":"","overlay-color":"","overlay-opacity":"","overlay-gradient":""},"tablet":{"background-color":"","background-image":"","background-repeat":"repeat","background-position":"center center","background-size":"auto","background-attachment":"scroll","background-type":"","background-media":"","overlay-type":"","overlay-color":"","overlay-opacity":"","overlay-gradient":""},"mobile":{"background-color":"","background-image":"","background-repeat":"repeat","background-position":"center center","background-size":"auto","background-attachment":"scroll","background-type":"","background-media":"","overlay-type":"","overlay-color":"","overlay-opacity":"","overlay-gradient":""}},"ast-content-background-meta":{"desktop":{"background-color":"var(--ast-global-color-5)","background-image":"","background-repeat":"repeat","background-position":"center center","background-size":"auto","background-attachment":"scroll","background-type":"","background-media":"","overlay-type":"","overlay-color":"","overlay-opacity":"","overlay-gradient":""},"tablet":{"background-color":"var(--ast-global-color-5)","background-image":"","background-repeat":"repeat","background-position":"center center","background-size":"auto","background-attachment":"scroll","background-type":"","background-media":"","overlay-type":"","overlay-color":"","overlay-opacity":"","overlay-gradient":""},"mobile":{"background-color":"var(--ast-global-color-5)","background-image":"","background-repeat":"repeat","background-position":"center center","background-size":"auto","background-attachment":"scroll","background-type":"","background-media":"","overlay-type":"","overlay-color":"","overlay-opacity":"","overlay-gradient":""}},"_joinchat":[]},"product_brand":[],"product_cat":[44],"product_tag":[],"class_list":{"0":"post-724","1":"product","2":"type-product","3":"status-publish","4":"has-post-thumbnail","6":"product_cat-ropa-interior","7":"desktop-align-left","8":"tablet-align-left","9":"mobile-align-left","11":"first","12":"instock","13":"sale","14":"taxable","15":"shipping-taxable","16":"purchasable","17":"product-type-simple"},"_links":{"self":[{"href":"https:\/\/pillitzu.com\/index.php?rest_route=\/wp\/v2\/product\/724","targetHints":{"allow":["GET"]}}],"collection":[{"href":"https:\/\/pillitzu.com\/index.php?rest_route=\/wp\/v2\/product"}],"about":[{"href":"https:\/\/pillitzu.com\/index.php?rest_route=\/wp\/v2\/types\/product"}],"replies":[{"embeddable":true,"href":"https:\/\/pillitzu.com\/index.php?rest_route=%2Fwp%2Fv2%2Fcomments&post=724"}],"wp:featuredmedia":[{"embeddable":true,"href":"https:\/\/pillitzu.com\/index.php?rest_route=\/wp\/v2\/media\/725"}],"wp:attachment":[{"href":"https:\/\/pillitzu.com\/index.php?rest_route=%2Fwp%2Fv2%2Fmedia&parent=724"}],"wp:term":[{"taxonomy":"product_brand","embeddable":true,"href":"https:\/\/pillitzu.com\/index.php?rest_route=%2Fwp%2Fv2%2Fproduct_brand&post=724"},{"taxonomy":"product_cat","embeddable":true,"href":"https:\/\/pillitzu.com\/index.php?rest_route=%2Fwp%2Fv2%2Fproduct_cat&post=724"},{"taxonomy":"product_tag","embeddable":true,"href":"https:\/\/pillitzu.com\/index.php?rest_route=%2Fwp%2Fv2%2Fproduct_tag&post=724"}],"curies":[{"name":"wp","href":"https:\/\/api.w.org\/{rel}","templated":true}]}}